{"id":9936,"date":"2024-03-26T09:49:10","date_gmt":"2024-03-26T09:49:10","guid":{"rendered":"https:\/\/derbusiness.com\/travel\/newsletter_anmeldung\/anmeldung-fehler-48h\/"},"modified":"2024-07-23T09:32:56","modified_gmt":"2024-07-23T09:32:56","slug":"anmeldung-fehler-48h","status":"publish","type":"page","link":"https:\/\/derbusiness.com\/fr\/travel\/anmeldung-fehler-48h\/","title":{"rendered":"Inscription erreur 48h"},"content":{"rendered":"<div data-elementor-type=\"wp-page\" data-elementor-id=\"9936\" class=\"elementor elementor-9936\" data-elementor-post-type=\"page\">\n\t\t\t\t\t\t<section class=\"elementor-section elementor-top-section elementor-element elementor-element-b881bc6 elementor-section-height-min-height elementor-section-items-top elementor-section-boxed elementor-section-height-default\" data-id=\"b881bc6\" data-element_type=\"section\" data-e-type=\"section\">\n\t\t\t\t\t\t<div class=\"elementor-container elementor-column-gap-default\">\n\t\t\t\t\t<div class=\"elementor-column elementor-col-100 elementor-top-column elementor-element elementor-element-99c5472\" data-id=\"99c5472\" data-element_type=\"column\" data-e-type=\"column\" data-settings=\"{&quot;background_background&quot;:&quot;classic&quot;}\">\n\t\t\t<div class=\"elementor-widget-wrap elementor-element-populated\">\n\t\t\t\t\t\t<div class=\"elementor-element elementor-element-7045f2a elementor-widget elementor-widget-heading\" data-id=\"7045f2a\" data-element_type=\"widget\" data-e-type=\"widget\" data-widget_type=\"heading.default\">\n\t\t\t\t<div class=\"elementor-widget-container\">\n\t\t\t\t\t<h2 class=\"elementor-heading-title elementor-size-default\">NOUS EN SOMMES D\u00c9SOL\u00c9S !<\/h2>\t\t\t\t<\/div>\n\t\t\t\t<\/div>\n\t\t\t\t<div class=\"elementor-element elementor-element-dc28706 elementor-widget elementor-widget-text-editor\" data-id=\"dc28706\" data-element_type=\"widget\" data-e-type=\"widget\" data-widget_type=\"text-editor.default\">\n\t\t\t\t<div class=\"elementor-widget-container\">\n\t\t\t\t\t\t\t\t\t<p>Malheureusement, le lien d'inscription a expir\u00e9. Celui-ci expire automatiquement apr\u00e8s 48 heures.<\/p><p>Veuillez vous r\u00e9inscrire \u00e0 la newsletter pour recevoir r\u00e9guli\u00e8rement des informations et des nouvelles sur le th\u00e8me du voyage d'affaires.<\/p>\t\t\t\t\t\t\t\t<\/div>\n\t\t\t\t<\/div>\n\t\t<div class=\"elementor-element elementor-element-f52500b e-flex e-con-boxed e-con e-parent\" data-id=\"f52500b\" data-element_type=\"container\" data-e-type=\"container\">\n\t\t\t\t\t<div class=\"e-con-inner\">\n\t\t\t\t\t<\/div>\n\t\t\t\t<\/div>\n\t\t\t\t\t<\/div>\n\t\t<\/div>\n\t\t\t\t\t<\/div>\n\t\t<\/section>\n\t\t<div class=\"elementor-element elementor-element-9f2002a e-flex e-con-boxed e-con e-parent\" data-id=\"9f2002a\" data-element_type=\"container\" data-e-type=\"container\">\n\t\t\t\t\t<div class=\"e-con-inner\">\n\t\t<div class=\"elementor-element elementor-element-ecaee9c e-flex e-con-boxed e-con e-child\" data-id=\"ecaee9c\" data-element_type=\"container\" data-e-type=\"container\">\n\t\t\t\t\t<div class=\"e-con-inner\">\n\t\t\t\t\t<\/div>\n\t\t\t\t<\/div>\n\t\t\t\t\t<\/div>\n\t\t\t\t<\/div>\n\t\t<div class=\"elementor-element elementor-element-0270fcc e-flex e-con-boxed e-con e-parent\" data-id=\"0270fcc\" data-element_type=\"container\" data-e-type=\"container\" data-settings=\"{&quot;background_background&quot;:&quot;classic&quot;}\">\n\t\t\t\t\t<div class=\"e-con-inner\">\n\t\t\t\t<div class=\"elementor-element elementor-element-5edf6d8 elementor-widget elementor-widget-heading\" data-id=\"5edf6d8\" data-element_type=\"widget\" data-e-type=\"widget\" data-widget_type=\"heading.default\">\n\t\t\t\t<div class=\"elementor-widget-container\">\n\t\t\t\t\t<h2 class=\"elementor-heading-title elementor-size-default\">Contact<\/h2>\t\t\t\t<\/div>\n\t\t\t\t<\/div>\n\t\t\t\t<div class=\"elementor-element elementor-element-8bba16f elementor-widget elementor-widget-text-editor\" data-id=\"8bba16f\" data-element_type=\"widget\" data-e-type=\"widget\" data-widget_type=\"text-editor.default\">\n\t\t\t\t<div class=\"elementor-widget-container\">\n\t\t\t\t\t\t\t\t\t<p>Nous nous tenons \u00e0 votre disposition pour toute question concernant vos voyages d'affaires.<\/p><p>Contactez-nous pour un conseil personnalis\u00e9 et profitez de notre longue exp\u00e9rience et de nos solutions sur mesure.<\/p>\t\t\t\t\t\t\t\t<\/div>\n\t\t\t\t<\/div>\n\t\t\t\t<div class=\"elementor-element elementor-element-f1eb0d8 elementor-align-right elementor-widget elementor-widget-button\" data-id=\"f1eb0d8\" data-element_type=\"widget\" data-e-type=\"widget\" data-widget_type=\"button.default\">\n\t\t\t\t<div class=\"elementor-widget-container\">\n\t\t\t\t\t\t\t\t\t<div class=\"elementor-button-wrapper\">\n\t\t\t\t\t<a class=\"elementor-button elementor-button-link elementor-size-sm\" href=\"https:\/\/derbusiness.com\/fr\/wp-json\/kontakt\">\n\t\t\t\t\t\t<span class=\"elementor-button-content-wrapper\">\n\t\t\t\t\t\t\t\t\t<span class=\"elementor-button-text\">Contacter maintenant<\/span>\n\t\t\t\t\t<\/span>\n\t\t\t\t\t<\/a>\n\t\t\t\t<\/div>\n\t\t\t\t\t\t\t\t<\/div>\n\t\t\t\t<\/div>\n\t\t\t\t\t<\/div>\n\t\t\t\t<\/div>\n\t\t\t\t<\/div>","protected":false},"excerpt":{"rendered":"<p>DAS TUT UNS LEID! Leider ist der Anmeldelink abgelaufen. Dieser l\u00e4uft automatisch nach 48 Stunden ab. Bitte melden Sie sich nochmals fu\u0308r den Newsletter an, um regelm\u00e4\u00dfig Infos und News rund um das Thema Business Travel zu erhalten. Kontakt Bei Fragen rund um Ihre Gesch\u00e4ftsreisen stehen wir Ihnen gerne zur Verf\u00fcgung. Kontaktieren Sie uns f\u00fcr [&hellip;]<\/p>\n","protected":false},"author":4,"featured_media":0,"parent":8,"menu_order":24,"comment_status":"closed","ping_status":"closed","template":"elementor_header_footer","meta":{"footnotes":""},"categories":[9],"class_list":["post-9936","page","type-page","status-publish","hentry","category-reisebueroinformationsseite"],"_links":{"self":[{"href":"https:\/\/derbusiness.com\/fr\/wp-json\/wp\/v2\/pages\/9936","targetHints":{"allow":["GET"]}}],"collection":[{"href":"https:\/\/derbusiness.com\/fr\/wp-json\/wp\/v2\/pages"}],"about":[{"href":"https:\/\/derbusiness.com\/fr\/wp-json\/wp\/v2\/types\/page"}],"author":[{"embeddable":true,"href":"https:\/\/derbusiness.com\/fr\/wp-json\/wp\/v2\/users\/4"}],"replies":[{"embeddable":true,"href":"https:\/\/derbusiness.com\/fr\/wp-json\/wp\/v2\/comments?post=9936"}],"version-history":[{"count":3,"href":"https:\/\/derbusiness.com\/fr\/wp-json\/wp\/v2\/pages\/9936\/revisions"}],"predecessor-version":[{"id":15968,"href":"https:\/\/derbusiness.com\/fr\/wp-json\/wp\/v2\/pages\/9936\/revisions\/15968"}],"up":[{"embeddable":true,"href":"https:\/\/derbusiness.com\/fr\/wp-json\/wp\/v2\/pages\/8"}],"wp:attachment":[{"href":"https:\/\/derbusiness.com\/fr\/wp-json\/wp\/v2\/media?parent=9936"}],"wp:term":[{"taxonomy":"category","embeddable":true,"href":"https:\/\/derbusiness.com\/fr\/wp-json\/wp\/v2\/categories?post=9936"}],"curies":[{"name":"wp","href":"https:\/\/api.w.org\/{rel}","templated":true}]}}