{"id":9898,"date":"2024-03-26T07:07:40","date_gmt":"2024-03-26T07:07:40","guid":{"rendered":"https:\/\/derbusiness.com\/attendorn-2\/impressum\/"},"modified":"2025-07-21T06:27:39","modified_gmt":"2025-07-21T06:27:39","slug":"impressum","status":"publish","type":"page","link":"https:\/\/derbusiness.com\/fr\/schwabach\/impressum\/","title":{"rendered":"Mentions l\u00e9gales"},"content":{"rendered":"<div data-elementor-type=\"wp-page\" data-elementor-id=\"9898\" class=\"elementor elementor-9898\" data-elementor-post-type=\"page\">\n\t\t\t\t<div class=\"elementor-element elementor-element-3fda01d e-flex e-con-boxed e-con e-parent\" data-id=\"3fda01d\" data-element_type=\"container\" data-e-type=\"container\">\n\t\t\t\t\t<div class=\"e-con-inner\">\n\t\t<div class=\"elementor-element elementor-element-73c0884 e-con-full e-flex e-con e-child\" data-id=\"73c0884\" data-element_type=\"container\" data-e-type=\"container\">\n\t\t\t\t<div class=\"elementor-element elementor-element-616c0e5 elementor-widget elementor-widget-template\" data-id=\"616c0e5\" data-element_type=\"widget\" data-e-type=\"widget\" data-widget_type=\"template.default\">\n\t\t\t\t<div class=\"elementor-widget-container\">\n\t\t\t\t\t\t\t<div class=\"elementor-template\">\n\t\t\t\t\t<div data-elementor-type=\"container\" data-elementor-id=\"4587\" class=\"elementor elementor-4587\" data-elementor-post-type=\"elementor_library\">\n\t\t\t\t<div class=\"elementor-element elementor-element-4b19933d e-con-full e-flex e-con e-child\" data-id=\"4b19933d\" data-element_type=\"container\" data-e-type=\"container\">\n\t\t\t\t<div class=\"elementor-element elementor-element-2097e23e elementor-widget elementor-widget-heading\" data-id=\"2097e23e\" data-element_type=\"widget\" data-e-type=\"widget\" data-widget_type=\"heading.default\">\n\t\t\t\t<div class=\"elementor-widget-container\">\n\t\t\t\t\t<div class=\"elementor-heading-title elementor-size-default\"><a href=\"https:\/\/derbusiness.com\/fr\/wp-json\/subunternehmen\"><\/a><\/div>\t\t\t\t<\/div>\n\t\t\t\t<\/div>\n\t\t\t\t<div class=\"elementor-element elementor-element-73b80926 elementor-widget elementor-widget-heading\" data-id=\"73b80926\" data-element_type=\"widget\" data-e-type=\"widget\" data-widget_type=\"heading.default\">\n\t\t\t\t<div class=\"elementor-widget-container\">\n\t\t\t\t\t<div class=\"elementor-heading-title elementor-size-default\"><a href=\"https:\/\/derbusiness.com\/fr\/wp-json\/agb\">CONDITIONS G\u00c9N\u00c9RALES DE VENTE<\/a><\/div>\t\t\t\t<\/div>\n\t\t\t\t<\/div>\n\t\t\t\t<div class=\"elementor-element elementor-element-43b2bfc2 elementor-widget elementor-widget-heading\" data-id=\"43b2bfc2\" data-element_type=\"widget\" data-e-type=\"widget\" data-widget_type=\"heading.default\">\n\t\t\t\t<div class=\"elementor-widget-container\">\n\t\t\t\t\t<div class=\"elementor-heading-title elementor-size-default\"><a href=\"https:\/\/derbusiness.com\/fr\/wp-json\/impressum\">Mentions l\u00e9gales<\/a><\/div>\t\t\t\t<\/div>\n\t\t\t\t<\/div>\n\t\t\t\t<div class=\"elementor-element elementor-element-6250193d elementor-widget elementor-widget-heading\" data-id=\"6250193d\" data-element_type=\"widget\" data-e-type=\"widget\" data-widget_type=\"heading.default\">\n\t\t\t\t<div class=\"elementor-widget-container\">\n\t\t\t\t\t<div class=\"elementor-heading-title elementor-size-default\"><a href=\"https:\/\/derbusiness.com\/fr\/wp-json\/datenschutz\">Protection des donn\u00e9es<\/a><\/div>\t\t\t\t<\/div>\n\t\t\t\t<\/div>\n\t\t\t\t<\/div>\n\t\t\t\t<\/div>\n\t\t\t\t<\/div>\n\t\t\t\t\t\t<\/div>\n\t\t\t\t<\/div>\n\t\t\t\t<\/div>\n\t\t<div class=\"elementor-element elementor-element-1fd9001 e-con-full e-flex e-con e-child\" data-id=\"1fd9001\" data-element_type=\"container\" data-e-type=\"container\">\n\t\t\t\t<div class=\"elementor-element elementor-element-75ab6af elementor-widget elementor-widget-text-editor\" data-id=\"75ab6af\" data-element_type=\"widget\" data-e-type=\"widget\" data-widget_type=\"text-editor.default\">\n\t\t\t\t<div class=\"elementor-widget-container\">\n\t\t\t\t\t\t\t\t\t<div><div class=\"text-content columns small-12 loaded loaded\" data-organism=\"static-text\" data-prerendered=\"1\" data-client-should-not-rerender=\"0\"><div class=\"text-wrapper\" data-reactroot=\"\" data-reactid=\"1\" data-react-checksum=\"1302941081\"><div class=\"content-container\" data-reactid=\"2\">\u00a0<\/div><\/div><\/div><\/div><div><div class=\"text-content columns small-12 loaded loaded\" data-organism=\"static-text\" data-prerendered=\"1\" data-client-should-not-rerender=\"0\"><div class=\"text-wrapper\" data-reactroot=\"\" data-reactid=\"1\" data-react-checksum=\"1142590270\"><div class=\"content-container\" data-reactid=\"2\"><div><div class=\"text-content columns small-12 loaded loaded\" data-organism=\"static-text\" data-prerendered=\"1\" data-client-should-not-rerender=\"0\"><div class=\"text-wrapper\" data-reactroot=\"\" data-reactid=\"1\" data-react-checksum=\"1302941081\"><div class=\"content-container\" data-reactid=\"2\"><h2>MENTIONS L\u00c9GALES ET INFORMATIONS JURIDIQUES<\/h2><\/div><\/div><\/div><\/div><div><div class=\"text-content columns small-12 loaded loaded\" data-organism=\"static-text\" data-prerendered=\"1\" data-client-should-not-rerender=\"0\"><div class=\"text-wrapper\" data-reactroot=\"\" data-reactid=\"1\" data-react-checksum=\"1142590270\"><div class=\"content-container\" data-reactid=\"2\">\u00a0<\/div><\/div><\/div><\/div><p><strong>Fournisseur de services selon \u00a7 5 TMG :<br \/><\/strong>DERPART Reisevertrieb GmbH<br \/>6, rue Emil-von-Behring<br \/>60439 Francfort<\/p><p>Directeur g\u00e9n\u00e9ral : Thomas Osswald<br \/>Pr\u00e9sident du conseil de surveillance : Andreas Heimann<\/p><p>Registre du commerce : Tribunal d'instance de Francfort sur le Main HRB 19229<br \/>N\u00b0 de TVA : DE114139734<\/p><p>Adresse postale : DERPART Reisevertrieb GmbH, 60424 Francfort<br \/>T\u00e9l : 0 69 \/ 95 88 45 00<br \/>T\u00e9l\u00e9copieur : 0 69 \/ 95 88 45 40<br \/>Courrier \u00e9lectronique : <a href=\"mailto:info@derpart.com\">info@derpart.com<\/a><\/p><p><strong>Responsable du contenu de derbusiness.com \u00a718 Abs. 2 MStV :<br \/><\/strong>Thomas Osswald<br \/>DERPART Reisevertrieb GmBH<br \/>Rue Emil-von-Behring 6<br \/>60439 Francfort<\/p><p>T\u00e9l\u00e9copieur : 0 69 \/ 95 88 45 40<br \/>Courrier \u00e9lectronique : <a href=\"mailto:info@derpart.com\">info@derpart.com<\/a><\/p><p><strong>Conditions g\u00e9n\u00e9rales de vente :<br \/><\/strong>Vous trouverez ici les conditions g\u00e9n\u00e9rales de vente que nous utilisons : <a href=\"https:\/\/www.derpart.com\/agb\" rel=\"noopener\">CONDITIONS G\u00c9N\u00c9RALES DE VENTE<\/a><\/p><p><strong>Caract\u00e9ristiques essentielles de notre service<\/strong>:<br \/>Pour savoir quels types de services nous vous fournissons, veuillez vous reporter aux explications suivantes : <a href=\"https:\/\/www.derpart.com\/agb\" rel=\"noopener\">Contenu du contrat de m\u00e9diation<\/a><\/p><p>Juridiction comp\u00e9tente et droit applicable :<br \/>Vous trouverez ici les r\u00e8gles applicables \u00e0 notre entreprise en mati\u00e8re de juridiction et de droit applicable : <a href=\"https:\/\/www.derpart.com\/agb\" rel=\"noopener\">Juridiction + droit applicable<\/a><\/p><p><strong>Coordonn\u00e9es de l'organe de r\u00e9clamation et de conciliation pour les interm\u00e9diaires d'assurance<\/strong>:<br \/>Si vous avez des raisons de vous plaindre en rapport avec l'interm\u00e9diation en assurance, vous pouvez vous adresser \u00e0 cet organe extrajudiciaire de r\u00e9clamation et de conciliation (ombudsman) :<\/p><p>Ombudsman des assurances e.V.,<br \/>Postdach 080632, 10006 Berlin,<br \/>T\u00e9l\u00e9phone : 0800 3696000, Fax : 0800 3699000<br \/>Courrier \u00e9lectronique : <a href=\"mailto:beschwerde@versicherungsombudsmann.de\">beschwerde@versicherungsombudsmann.de<\/a><br \/>Page d'accueil : <a href=\"https:\/\/www.versicherungsombudsmann.de\/\" target=\"_blank\" rel=\"noopener\">www.versicherungsombudsmann.de<\/a><\/p><\/div><\/div><\/div><\/div><div><div class=\"text-content columns small-12 loaded loaded\" data-organism=\"static-text\" data-prerendered=\"1\" data-client-should-not-rerender=\"0\"><div class=\"text-wrapper\" data-reactroot=\"\" data-reactid=\"1\" data-react-checksum=\"-1962298449\"><div class=\"content-container\" data-reactid=\"2\"><h3>Conformit\u00e9<\/h3><p><strong>La compliance prot\u00e8ge l'entreprise et ses collaborateurs<\/strong><\/p><p>La compliance signifie le respect des dispositions l\u00e9gales et des normes de comportement internes \u00e0 l'entreprise. Les r\u00e8gles de conformit\u00e9 ont pour objectif de pr\u00e9server les collaborateurs et l'entreprise de tout dommage. Elles constituent la base de notre action quotidienne et s'appliquent \u00e0 tous les collaborateurs, y compris les cadres et les directeurs.<\/p><p>Nos collaborateurs sont inform\u00e9s en permanence de nos r\u00e8gles de conformit\u00e9 et, sur demande, conseill\u00e9s personnellement. Les informations \u00e9manant de collaborateurs ou de personnes ext\u00e9rieures et faisant \u00e9tat d'un \u00e9ventuel comportement incorrect, d'\u00e9ventuelles violations de la loi ou de d\u00e9lits tels que la corruption sont examin\u00e9es avec le plus grand soin et trait\u00e9es en toute confiance.<\/p><p>Vous pouvez contacter l'\u00e9quipe de conformit\u00e9 du groupe DER Touristik par e-mail\u00a0<a href=\"mailto:DERCompliance@dertouristik.com\" target=\"_self\" data-auto-event-observed=\"true\">ici<\/a>.<\/p><p><strong>Principes de comportement pour des relations humaines respectueuses<\/strong><\/p><p>Nos principes de comportement sont marqu\u00e9s par l'int\u00e9grit\u00e9 et la loyaut\u00e9 : Nous respectons le droit et la loi, menons une concurrence loyale et sommes un partenaire fiable pour nos clients et partenaires commerciaux. En tant que branche touristique du REWE Group, les normes de comportement du groupe sont d\u00e9terminantes pour nous. Celles-ci sont d\u00e9finies dans le code de conduite du groupe REWE et sont tout aussi contraignantes pour le groupe DER Touristik. Le code de conduite contient les principes de notre comportement dans les relations d'affaires et les relations mutuelles. Il nous donne une orientation et constitue en m\u00eame temps une obligation pour tous ceux qui travaillent au nom du REWE Group.<\/p><p>Pour plus d'informations sur la conformit\u00e9 et le code de conduite du REWE Group, voir\u00a0<a href=\"https:\/\/www.rewe-group.com\/de\/unternehmen\/unternehmenskultur\/compliance\/\" target=\"_blank\" rel=\"noopener\" data-auto-event-observed=\"true\">ici<\/a>.<\/p><p>Avec la\u00a0<a href=\"https:\/\/rewe-group.hintbox.de\/\" target=\"_blank\" rel=\"noopener\" data-auto-event-observed=\"true\">Hintbox<\/a>\u00a0il est particuli\u00e8rement facile d'\u00e9mettre des avis de conformit\u00e9 -\u00a0<strong>sur<\/strong>\u00a0<strong>Souhait<\/strong>\u00a0<strong>\u00e9galement<\/strong>\u00a0<strong>anonyme<\/strong>. En outre, le nouvel outil permet une communication fluide et conforme \u00e0 la protection des donn\u00e9es entre les lanceurs d'alerte et les diff\u00e9rents services de conformit\u00e9 comp\u00e9tents au sein du groupe REWE.<\/p><p>Les personnes qui souhaitent \u00e9mettre des avis de conformit\u00e9 sans utiliser l'outil num\u00e9rique peuvent toutefois continuer \u00e0 s'adresser \u00e0 l'\"ombudsman\" du groupe REWE.<\/p><p><strong>M\u00e9diateur du REWE Group<\/strong><\/p><p>Le REWE Group a nomm\u00e9 l'avocat munichois Andreas von M\u00e1ri\u00e1ssy en tant qu'ombudsman externe. Les collaborateurs, clients et partenaires commerciaux du REWE Group ainsi que du DER Touristik Group peuvent s'adresser \u00e0 lui personnellement et anonymement s'ils \u00e9mettent un signalement de conformit\u00e9 ou s'ils cherchent un interlocuteur neutre tenu au secret professionnel. Le recours \u00e0 ce service est gratuit pour le lanceur d'alerte et la prise de contact est possible en allemand et en anglais.<\/p><p><strong>M\u00e9diateur :<\/strong><\/p><p>Andreas de M\u00e1ri\u00e1ssy<br \/>Altheimer Eck 13 \/ II<br \/>80331 Munich<br \/>Email :\u00a0<a href=\"mailto:mariassy@rae13.de\" target=\"_self\" data-auto-event-observed=\"true\">mariassy@rae13.de<\/a><\/p><\/div><\/div><\/div><\/div><div><div class=\"text-content columns small-12 large-6 loaded loaded\" data-organism=\"static-text\" data-prerendered=\"1\" data-client-should-not-rerender=\"0\"><div class=\"text-wrapper\" data-reactroot=\"\" data-reactid=\"1\" data-react-checksum=\"128169276\"><div class=\"content-container\" data-reactid=\"2\"><h3>Plaintes relatives aux risques ou aux manquements aux obligations en mati\u00e8re de droits de l'homme ou d'environnement<\/h3><p>Notre proc\u00e9dure de plainte concernant la loi sur le devoir de vigilance de la cha\u00eene d'approvisionnement (LkSG) garantit une approche \u00e0 la fois confiante et transparente dans le traitement des plaintes relatives \u00e0 la violation des droits de l'homme ou des obligations environnementales. Les cas de suspicion de travail forc\u00e9, de travail des enfants, de discrimination ou de pollution nocive des sols, de l'eau et de l'air, ainsi que les \u00e9missions sonores nocives et la consommation excessive d'eau, qui ont un lien avec le groupe DER Touristik, peuvent \u00eatre signal\u00e9s. Les plaintes peuvent \u00eatre d\u00e9pos\u00e9es num\u00e9riquement par les employ\u00e9s et les personnes ext\u00e9rieures via le canal de plainte du groupe DER Touristik, qui fait partie du groupe REWE - sur demande \u00e9galement\u00a0<strong>anonyme<\/strong>.\u00a0<\/p><p>Les plaintes des clients, par exemple sur la qualit\u00e9 des produits et des services du groupe DER Touristik, ne sont pas consid\u00e9r\u00e9es comme des plaintes sur les risques li\u00e9s aux droits de l'homme ou \u00e0 l'environnement ou sur les manquements aux obligations. Pour cela, veuillez vous adresser aux services clients et aux hotlines.<\/p><p>Nous encourageons vivement les employ\u00e9s et les personnes externes \u00e0 nous signaler les risques ou les manquements aux obligations en mati\u00e8re de droits de l'homme et d'environnement en cas de soup\u00e7on. Les d\u00e9nonciateurs ne doivent pas subir de pr\u00e9judice dans le cadre de leur activit\u00e9 professionnelle. La proc\u00e9dure de plainte se d\u00e9roule selon un processus d\u00e9fini qui est aussi\u00a0<a href=\"https:\/\/rewe-group.reporting-channel.com\/report?area=5696194c-7f00-4c40-a82e-4c1df9235646&amp;form=0d7b3be5-e20d-47a2-8c8d-3e960a1de7b7\" target=\"_blank\" rel=\"noopener\" data-auto-event-observed=\"true\">R\u00e8glement de proc\u00e9dure<\/a>\u00a0est consign\u00e9e dans le dossier. L'impartialit\u00e9 est garantie \u00e0 tout moment, les participants \u00e0 la proc\u00e9dure ne sont pas li\u00e9s par des instructions et sont tenus au secret professionnel.<\/p><p><a href=\"https:\/\/rewe-group.reporting-channel.com\/\" target=\"_blank\" rel=\"noopener\" data-auto-event-observed=\"true\">Signaler une violation des droits de l'homme ou de l'environnement<\/a><\/p><\/div><\/div><\/div><\/div><div><div class=\"text-content columns small-12 loaded loaded\" data-organism=\"static-text\" data-prerendered=\"1\" data-client-should-not-rerender=\"0\"><div class=\"text-wrapper\" data-reactroot=\"\" data-reactid=\"1\" data-react-checksum=\"1558875519\"><div class=\"content-container\" data-reactid=\"2\"><h3>Loi sur les services num\u00e9riques de l'UE<\/h3><\/div><\/div><\/div><\/div><div><div class=\"text-content columns small-12 loaded loaded\" data-organism=\"static-text\" data-prerendered=\"1\" data-client-should-not-rerender=\"0\"><div class=\"text-wrapper\" data-reactroot=\"\" data-reactid=\"1\" data-react-checksum=\"-541137550\"><div class=\"content-container\" data-reactid=\"2\"><section><div><p>Le nombre mensuel moyen d'utilisateurs actifs de notre service, tel que d\u00e9fini par le Digital Services Act (DSA), est de 37 467.<\/p><p>Point de contact central pour les autorit\u00e9s des \u00c9tats membres, la Commission europ\u00e9enne et l'organe vis\u00e9 \u00e0 l'article 11 de la DSA :\u00a0<a href=\"mailto:behoerdenkontakt.dsa@derpart.de\" data-auto-event-observed=\"true\">behoerdenkontakt.dsa@derpart.de<\/a>. La communication peut \u00eatre envoy\u00e9e en allemand ou en anglais.<\/p><\/div><\/section><\/div><\/div><\/div><\/div>\t\t\t\t\t\t\t\t<\/div>\n\t\t\t\t<\/div>\n\t\t\t\t<div class=\"elementor-element elementor-element-b4ccc0e elementor-widget elementor-widget-text-editor\" data-id=\"b4ccc0e\" data-element_type=\"widget\" data-e-type=\"widget\" data-widget_type=\"text-editor.default\">\n\t\t\t\t<div class=\"elementor-widget-container\">\n\t\t\t\t\t\t\t\t\t<h3>NOTE SUR LE R\u00c8GLEMENT DES LITIGES<\/h3><p><span data-olk-copy-source=\"MessageBody\">Nous ne participons pas \u00e0 des proc\u00e9dures de r\u00e8glement des litiges devant un organisme de conciliation des consommateurs et n'y sommes pas tenus.<\/span><\/p>\t\t\t\t\t\t\t\t<\/div>\n\t\t\t\t<\/div>\n\t\t\t\t<\/div>\n\t\t\t\t\t<\/div>\n\t\t\t\t<\/div>\n\t\t\t\t<\/div>","protected":false},"excerpt":{"rendered":"<p>\u00a0 IMPRESSUM UND RECHTLICHES \u00a0 Diensteanbieter gem. \u00a7 5 TMG:DERPART Reisevertrieb GmbHEmil-von-Behring-Str. 660439 Frankfurt Gesch\u00e4ftsf\u00fchrer: Thomas OsswaldAufsichtsratvorsitzender: Andreas Heimann Handelsregister: Amtsgericht Frankfurt am Main HRB 19229Ust-ID-Nr.: DE114139734 Postanschrift: DERPART Reisevertrieb GmbH, 60424 FrankfurtTel: 0 69 \/ 95 88 45 00Fax: 0 69 \/ 95 88 45 40E-Mail: info@derpart.com Inhaltlich Verantwortlicher f\u00fcr derbusiness.com \u00a718 Abs. 2 [&hellip;]<\/p>\n","protected":false},"author":4,"featured_media":0,"parent":9897,"menu_order":0,"comment_status":"closed","ping_status":"closed","template":"elementor_header_footer","meta":{"footnotes":""},"categories":[9],"class_list":["post-9898","page","type-page","status-publish","hentry","category-reisebueroinformationsseite"],"_links":{"self":[{"href":"https:\/\/derbusiness.com\/fr\/wp-json\/wp\/v2\/pages\/9898","targetHints":{"allow":["GET"]}}],"collection":[{"href":"https:\/\/derbusiness.com\/fr\/wp-json\/wp\/v2\/pages"}],"about":[{"href":"https:\/\/derbusiness.com\/fr\/wp-json\/wp\/v2\/types\/page"}],"author":[{"embeddable":true,"href":"https:\/\/derbusiness.com\/fr\/wp-json\/wp\/v2\/users\/4"}],"replies":[{"embeddable":true,"href":"https:\/\/derbusiness.com\/fr\/wp-json\/wp\/v2\/comments?post=9898"}],"version-history":[{"count":3,"href":"https:\/\/derbusiness.com\/fr\/wp-json\/wp\/v2\/pages\/9898\/revisions"}],"predecessor-version":[{"id":21007,"href":"https:\/\/derbusiness.com\/fr\/wp-json\/wp\/v2\/pages\/9898\/revisions\/21007"}],"up":[{"embeddable":true,"href":"https:\/\/derbusiness.com\/fr\/wp-json\/wp\/v2\/pages\/9897"}],"wp:attachment":[{"href":"https:\/\/derbusiness.com\/fr\/wp-json\/wp\/v2\/media?parent=9898"}],"wp:term":[{"taxonomy":"category","embeddable":true,"href":"https:\/\/derbusiness.com\/fr\/wp-json\/wp\/v2\/categories?post=9898"}],"curies":[{"name":"wp","href":"https:\/\/api.w.org\/{rel}","templated":true}]}}