{"id":4246,"date":"2023-11-20T18:25:32","date_gmt":"2023-11-20T18:25:32","guid":{"rendered":"https:\/\/derbusiness.com\/?page_id=4246"},"modified":"2026-02-16T14:09:20","modified_gmt":"2026-02-16T14:09:20","slug":"impressum","status":"publish","type":"page","link":"https:\/\/derbusiness.com\/fr\/travel\/impressum\/","title":{"rendered":"Mentions l\u00e9gales"},"content":{"rendered":"<div data-elementor-type=\"wp-page\" data-elementor-id=\"4246\" class=\"elementor elementor-4246\" data-elementor-post-type=\"page\">\n\t\t\t\t<div class=\"elementor-element elementor-element-aee1616 e-flex e-con-boxed e-con e-parent\" data-id=\"aee1616\" data-element_type=\"container\" data-e-type=\"container\">\n\t\t\t\t\t<div class=\"e-con-inner\">\n\t\t<div class=\"elementor-element elementor-element-5144ce5 e-con-full e-flex e-con e-child\" data-id=\"5144ce5\" data-element_type=\"container\" data-e-type=\"container\">\n\t\t\t\t<div class=\"elementor-element elementor-element-38176da elementor-widget elementor-widget-template\" data-id=\"38176da\" data-element_type=\"widget\" data-e-type=\"widget\" data-widget_type=\"template.default\">\n\t\t\t\t<div class=\"elementor-widget-container\">\n\t\t\t\t\t\t\t<div class=\"elementor-template\">\n\t\t\t\t\t<div data-elementor-type=\"container\" data-elementor-id=\"4587\" class=\"elementor elementor-4587\" data-elementor-post-type=\"elementor_library\">\n\t\t\t\t<div class=\"elementor-element elementor-element-4b19933d e-con-full e-flex e-con e-child\" data-id=\"4b19933d\" data-element_type=\"container\" data-e-type=\"container\">\n\t\t\t\t<div class=\"elementor-element elementor-element-2097e23e elementor-widget elementor-widget-heading\" data-id=\"2097e23e\" data-element_type=\"widget\" data-e-type=\"widget\" data-widget_type=\"heading.default\">\n\t\t\t\t<div class=\"elementor-widget-container\">\n\t\t\t\t\t<div class=\"elementor-heading-title elementor-size-default\"><a href=\"https:\/\/derbusiness.com\/fr\/wp-json\/subunternehmen\"><\/a><\/div>\t\t\t\t<\/div>\n\t\t\t\t<\/div>\n\t\t\t\t<div class=\"elementor-element elementor-element-73b80926 elementor-widget elementor-widget-heading\" data-id=\"73b80926\" data-element_type=\"widget\" data-e-type=\"widget\" data-widget_type=\"heading.default\">\n\t\t\t\t<div class=\"elementor-widget-container\">\n\t\t\t\t\t<div class=\"elementor-heading-title elementor-size-default\"><a href=\"https:\/\/derbusiness.com\/fr\/wp-json\/agb\">CONDITIONS G\u00c9N\u00c9RALES DE VENTE<\/a><\/div>\t\t\t\t<\/div>\n\t\t\t\t<\/div>\n\t\t\t\t<div class=\"elementor-element elementor-element-43b2bfc2 elementor-widget elementor-widget-heading\" data-id=\"43b2bfc2\" data-element_type=\"widget\" data-e-type=\"widget\" data-widget_type=\"heading.default\">\n\t\t\t\t<div class=\"elementor-widget-container\">\n\t\t\t\t\t<div class=\"elementor-heading-title elementor-size-default\"><a href=\"https:\/\/derbusiness.com\/fr\/wp-json\/impressum\">Mentions l\u00e9gales<\/a><\/div>\t\t\t\t<\/div>\n\t\t\t\t<\/div>\n\t\t\t\t<div class=\"elementor-element elementor-element-6250193d elementor-widget elementor-widget-heading\" data-id=\"6250193d\" data-element_type=\"widget\" data-e-type=\"widget\" data-widget_type=\"heading.default\">\n\t\t\t\t<div class=\"elementor-widget-container\">\n\t\t\t\t\t<div class=\"elementor-heading-title elementor-size-default\"><a href=\"https:\/\/derbusiness.com\/fr\/wp-json\/datenschutz\">Protection des donn\u00e9es<\/a><\/div>\t\t\t\t<\/div>\n\t\t\t\t<\/div>\n\t\t\t\t<\/div>\n\t\t\t\t<\/div>\n\t\t\t\t<\/div>\n\t\t\t\t\t\t<\/div>\n\t\t\t\t<\/div>\n\t\t\t\t<\/div>\n\t\t<div class=\"elementor-element elementor-element-41cc26e e-con-full e-flex e-con e-child\" data-id=\"41cc26e\" data-element_type=\"container\" data-e-type=\"container\">\n\t\t\t\t<div class=\"elementor-element elementor-element-ebf1048 elementor-widget elementor-widget-heading\" data-id=\"ebf1048\" data-element_type=\"widget\" data-e-type=\"widget\" data-widget_type=\"heading.default\">\n\t\t\t\t<div class=\"elementor-widget-container\">\n\t\t\t\t\t<h1 class=\"elementor-heading-title elementor-size-default\">Mentions l\u00e9gales<\/h1>\t\t\t\t<\/div>\n\t\t\t\t<\/div>\n\t\t\t\t<div class=\"elementor-element elementor-element-520718b elementor-widget elementor-widget-Impressum\" data-id=\"520718b\" data-element_type=\"widget\" data-e-type=\"widget\" data-widget_type=\"Impressum.default\">\n\t\t\t\t<div class=\"elementor-widget-container\">\n\t\t\t\t\t<div class=\"font-sans\"><\/div>\t\t\t\t<\/div>\n\t\t\t\t<\/div>\n\t\t\t\t<div class=\"elementor-element elementor-element-ad55600 elementor-widget elementor-widget-text-editor\" data-id=\"ad55600\" data-element_type=\"widget\" data-e-type=\"widget\" data-widget_type=\"text-editor.default\">\n\t\t\t\t<div class=\"elementor-widget-container\">\n\t\t\t\t\t\t\t\t\t<p><b>Coordonn\u00e9es de l'organe de r\u00e9clamation et de conciliation pour les interm\u00e9diaires d'assurance :<\/b><br \/>Si vous avez des raisons de vous plaindre en rapport avec l'interm\u00e9diation en assurance, vous pouvez vous adresser \u00e0 cet organe extrajudiciaire de r\u00e9clamation et de conciliation (ombudsman) :<\/p><p>Ombudsman des assurances e. V,<br \/>Bo\u00eete postale 080632, 10006 Berlin,<br \/>T\u00e9l\u00e9phone : <a href=\"tel:08003696000\">0800 3696000<\/a>, Fax : 0800 3699000<br \/>Courrier \u00e9lectronique : <a href=\"mailto:beschwerde@versicherungsombudsmann.de\">beschwerde@versicherungsombudsmann.de<\/a><br \/>Page d'accueil : <a href=\"http:\/\/www.versicherungsombudsmann.de\" target=\"_blank\" rel=\"noopener\">www.versicherungsombudsmann.de<\/a><\/p><p><b>Conformit\u00e9<\/b><br \/><b>La compliance prot\u00e8ge l'entreprise et ses collaborateurs<\/b><\/p><p>La compliance signifie le respect des dispositions l\u00e9gales et des normes de comportement internes \u00e0 l'entreprise. Les r\u00e8gles de conformit\u00e9 ont pour objectif de pr\u00e9server les collaborateurs et l'entreprise de tout dommage. Elles constituent la base de notre action quotidienne et s'appliquent \u00e0 tous les collaborateurs, y compris les cadres et les directeurs.<\/p><p>Nos collaborateurs sont inform\u00e9s en permanence de nos r\u00e8gles de conformit\u00e9 et, sur demande, conseill\u00e9s personnellement. Les informations \u00e9manant de collaborateurs ou de personnes ext\u00e9rieures et faisant \u00e9tat d'un \u00e9ventuel comportement incorrect, d'\u00e9ventuelles violations de la loi ou de d\u00e9lits tels que la corruption sont examin\u00e9es avec le plus grand soin et trait\u00e9es en toute confiance.<\/p><p>Vous pouvez contacter l'\u00e9quipe de conformit\u00e9 du groupe DERTOUR par e-mail <a href=\"mailto:DERCompliance@dertouristik.com\">ici<\/a>.<\/p><p><b>Principes de comportement pour des relations humaines respectueuses<\/b><\/p><p>Nos principes de comportement sont marqu\u00e9s par l'int\u00e9grit\u00e9 et la loyaut\u00e9 : Nous respectons le droit et la loi, menons une concurrence loyale et sommes un partenaire fiable pour nos clients et partenaires commerciaux. En tant que branche touristique du REWE Group, les normes de comportement du groupe sont d\u00e9terminantes pour nous. Celles-ci sont d\u00e9finies dans le code de conduite du REWE Group et sont tout aussi contraignantes pour le groupe DERTOUR. Le code de conduite contient les principes de notre comportement dans les relations d'affaires et les relations mutuelles. Il nous donne une orientation et constitue en m\u00eame temps une obligation pour tous ceux qui travaillent au nom du REWE Group.<\/p><p>Pour plus d'informations sur la conformit\u00e9 et le code de conduite du REWE Group, voir <a href=\"https:\/\/www.rewe-group.com\/de\/unternehmen\/unternehmenskultur\/compliance\/\" target=\"_blank\" rel=\"noopener\">ici<\/a>.<\/p><p>Avec la <a href=\"https:\/\/rewe-group.hintbox.de\" target=\"_blank\" rel=\"noopener\">Hintbox<\/a> il est particuli\u00e8rement facile d'\u00e9mettre des avis de conformit\u00e9 - <b>sur demande, de mani\u00e8re anonyme<\/b>. En outre, le nouvel outil permet une communication fluide et conforme \u00e0 la protection des donn\u00e9es entre les lanceurs d'alerte et les diff\u00e9rents services de conformit\u00e9 comp\u00e9tents au sein du groupe REWE.<\/p><p>Les personnes qui souhaitent \u00e9mettre des avis de conformit\u00e9 sans utiliser l'outil num\u00e9rique peuvent toutefois continuer \u00e0 s'adresser \u00e0 l'\"ombudsman\" du groupe REWE.<\/p><p><b>M\u00e9diateur du REWE Group<\/b><\/p><p>Le groupe REWE a engag\u00e9 l'avocat munichois <span class=\"sc-iwXfZk kgGLUT\">Richard Rill<\/span> en tant qu'ombudsman externe. Les collaborateurs, clients et partenaires commerciaux du REWE Group ainsi que du DERTOUR Group peuvent s'adresser \u00e0 lui personnellement et anonymement s'ils \u00e9mettent un signalement de conformit\u00e9 ou s'ils cherchent un interlocuteur neutre tenu au secret professionnel. Le recours \u00e0 ce service est gratuit pour le lanceur d'alerte et la prise de contact est possible en allemand et en anglais.<\/p><p><b>M\u00e9diateur<\/b>:<\/p><p><span class=\"sc-iwXfZk kgGLUT\">Avocat Me Richard Rill<br \/>Altheimer Eck 13 \/ II<br \/>80331 Munich<br \/>Email : <a href=\"mailto:rewe-group-ombudsperson@dvm.legal\">rewe-group-ombudsperson@dvm.legal<\/a><br \/>T\u00e9l. : +49 89 2366790<\/span><\/p><p><b>Plaintes relatives aux risques ou aux manquements aux obligations en mati\u00e8re de droits de l'homme ou d'environnement<\/b><br \/>Notre proc\u00e9dure de plainte concernant la loi sur le devoir de vigilance de la cha\u00eene d'approvisionnement (LkSG) garantit une approche \u00e0 la fois confiante et transparente dans le traitement des plaintes relatives \u00e0 la violation des droits de l'homme ou des obligations environnementales. Les cas suspects de travail forc\u00e9, de travail des enfants, de discrimination ou de pollution nocive des sols, de l'eau et de l'air, ainsi que les \u00e9missions sonores nocives et la consommation excessive d'eau ayant un lien avec le groupe DERTOUR peuvent \u00eatre signal\u00e9s. Les plaintes peuvent \u00eatre d\u00e9pos\u00e9es par les employ\u00e9s ou par des personnes ext\u00e9rieures par voie num\u00e9rique via le canal de plaintes du groupe DERTOUR, qui fait partie du groupe REWE - sur demande \u00e9galement <b>anonyme<\/b>.<\/p><p>Les plaintes des clients, par exemple sur la qualit\u00e9 des produits et des services du groupe DERTOUR, ne sont pas consid\u00e9r\u00e9es comme des plaintes sur les risques li\u00e9s aux droits de l'homme ou \u00e0 l'environnement ou sur les manquements aux obligations. Pour cela, veuillez vous adresser aux services clients et aux hotlines.<\/p><p>Nous encourageons vivement les employ\u00e9s et les personnes externes \u00e0 nous signaler les risques ou les manquements aux obligations en mati\u00e8re de droits de l'homme et d'environnement en cas de soup\u00e7on. Les d\u00e9nonciateurs ne doivent pas subir de pr\u00e9judice dans le cadre de leur activit\u00e9 professionnelle. La proc\u00e9dure de plainte se d\u00e9roule selon un processus d\u00e9fini qui est aussi <a href=\"https:\/\/rewe-group.reporting-channel.com\/report?area=5696194c-7f00-4c40-a82e-4c1df9235646&amp;form=0d7b3be5-e20d-47a2-8c8d-3e960a1de7b7\" target=\"_blank\" rel=\"noopener\">R\u00e8glement de proc\u00e9dure<\/a> est consign\u00e9e dans le dossier. L'impartialit\u00e9 est garantie \u00e0 tout moment, les participants \u00e0 la proc\u00e9dure ne sont pas li\u00e9s par des instructions et sont tenus au secret professionnel.<\/p><p><a href=\"https:\/\/rewe-group.reporting-channel.com\" target=\"_blank\" rel=\"noopener\">Signaler une violation des droits de l'homme ou de l'environnement<\/a><\/p>\t\t\t\t\t\t\t\t<\/div>\n\t\t\t\t<\/div>\n\t\t\t\t<div class=\"elementor-element elementor-element-7d11b5c elementor-widget elementor-widget-text-editor\" data-id=\"7d11b5c\" data-element_type=\"widget\" data-e-type=\"widget\" data-widget_type=\"text-editor.default\">\n\t\t\t\t<div class=\"elementor-widget-container\">\n\t\t\t\t\t\t\t\t\t<p><strong>NOTE SUR LE R\u00c8GLEMENT DES LITIGES<\/strong><\/p><p><span data-olk-copy-source=\"MessageBody\">Nous ne participons pas \u00e0 des proc\u00e9dures de r\u00e8glement des litiges devant un organisme de conciliation des consommateurs et n'y sommes pas tenus.<\/span><\/p>\t\t\t\t\t\t\t\t<\/div>\n\t\t\t\t<\/div>\n\t\t\t\t<\/div>\n\t\t\t\t\t<\/div>\n\t\t\t\t<\/div>\n\t\t\t\t<\/div>","protected":false},"excerpt":{"rendered":"<p>Impressum Kontaktdaten der Beschwerde- und Schlichtungsstelle f\u00fcr Versicherungsvermittlungen:Sollten Sie im Zusammenhang mit der Versicherungsvermittlung Anlass zur Beschwerde haben, so k\u00f6nnen Sie sich an diese au\u00dfergerichtliche Beschwerde- und Schlichtungsstelle (Ombudsmann) wenden: Versicherungsombudsmann e. V.,Postfach 080632, 10006 Berlin,Telefon: 0800 3696000, Fax: 0800 3699000E-Mail: beschwerde@versicherungsombudsmann.deHomepage: www.versicherungsombudsmann.de ComplianceCompliance sch\u00fctzt das Unternehmen und seine Mitarbeitenden Compliance bedeutet die Einhaltung von [&hellip;]<\/p>\n","protected":false},"author":1,"featured_media":0,"parent":8,"menu_order":19,"comment_status":"closed","ping_status":"closed","template":"elementor_header_footer","meta":{"footnotes":""},"categories":[9],"class_list":["post-4246","page","type-page","status-publish","hentry","category-reisebueroinformationsseite"],"_links":{"self":[{"href":"https:\/\/derbusiness.com\/fr\/wp-json\/wp\/v2\/pages\/4246","targetHints":{"allow":["GET"]}}],"collection":[{"href":"https:\/\/derbusiness.com\/fr\/wp-json\/wp\/v2\/pages"}],"about":[{"href":"https:\/\/derbusiness.com\/fr\/wp-json\/wp\/v2\/types\/page"}],"author":[{"embeddable":true,"href":"https:\/\/derbusiness.com\/fr\/wp-json\/wp\/v2\/users\/1"}],"replies":[{"embeddable":true,"href":"https:\/\/derbusiness.com\/fr\/wp-json\/wp\/v2\/comments?post=4246"}],"version-history":[{"count":15,"href":"https:\/\/derbusiness.com\/fr\/wp-json\/wp\/v2\/pages\/4246\/revisions"}],"predecessor-version":[{"id":22860,"href":"https:\/\/derbusiness.com\/fr\/wp-json\/wp\/v2\/pages\/4246\/revisions\/22860"}],"up":[{"embeddable":true,"href":"https:\/\/derbusiness.com\/fr\/wp-json\/wp\/v2\/pages\/8"}],"wp:attachment":[{"href":"https:\/\/derbusiness.com\/fr\/wp-json\/wp\/v2\/media?parent=4246"}],"wp:term":[{"taxonomy":"category","embeddable":true,"href":"https:\/\/derbusiness.com\/fr\/wp-json\/wp\/v2\/categories?post=4246"}],"curies":[{"name":"wp","href":"https:\/\/api.w.org\/{rel}","templated":true}]}}