{"id":23014,"date":"2026-03-30T09:31:53","date_gmt":"2026-03-30T09:31:53","guid":{"rendered":"https:\/\/derbusiness.com\/?page_id=23014"},"modified":"2026-04-22T13:10:49","modified_gmt":"2026-04-22T13:10:49","slug":"kick-off-der-bs","status":"publish","type":"page","link":"https:\/\/derbusiness.com\/fr\/solutions\/downloads\/kick-off-der-bs\/","title":{"rendered":"Lancement des solutions DER BUSINESS"},"content":{"rendered":"<div data-elementor-type=\"wp-page\" data-elementor-id=\"23014\" class=\"elementor elementor-23014\" data-elementor-post-type=\"page\">\n\t\t\t\t\t\t<section class=\"elementor-section elementor-top-section elementor-element elementor-element-708a2f5 elementor-section-boxed elementor-section-height-default elementor-section-height-default\" data-id=\"708a2f5\" data-element_type=\"section\" data-e-type=\"section\" data-settings=\"{&quot;background_background&quot;:&quot;classic&quot;}\">\n\t\t\t\t\t\t\t<div class=\"elementor-background-overlay\"><\/div>\n\t\t\t\t\t\t\t<div class=\"elementor-container elementor-column-gap-default\">\n\t\t\t\t\t<div class=\"elementor-column elementor-col-100 elementor-top-column elementor-element elementor-element-7dbed6d\" data-id=\"7dbed6d\" data-element_type=\"column\" data-e-type=\"column\">\n\t\t\t<div class=\"elementor-widget-wrap elementor-element-populated\">\n\t\t\t\t\t\t<div class=\"elementor-element elementor-element-d7d5cbb elementor-widget elementor-widget-spacer\" data-id=\"d7d5cbb\" data-element_type=\"widget\" data-e-type=\"widget\" data-widget_type=\"spacer.default\">\n\t\t\t\t<div class=\"elementor-widget-container\">\n\t\t\t\t\t\t\t<div class=\"elementor-spacer\">\n\t\t\t<div class=\"elementor-spacer-inner\"><\/div>\n\t\t<\/div>\n\t\t\t\t\t\t<\/div>\n\t\t\t\t<\/div>\n\t\t\t\t<div class=\"elementor-element elementor-element-3fd4752 elementor-widget elementor-widget-heading\" data-id=\"3fd4752\" data-element_type=\"widget\" data-e-type=\"widget\" data-widget_type=\"heading.default\">\n\t\t\t\t<div class=\"elementor-widget-container\">\n\t\t\t\t\t<h1 class=\"elementor-heading-title elementor-size-default\">Lancement des solutions DER BUSINESS <\/h1>\t\t\t\t<\/div>\n\t\t\t\t<\/div>\n\t\t\t\t<div class=\"elementor-element elementor-element-3f8569a elementor-widget elementor-widget-text-editor\" data-id=\"3f8569a\" data-element_type=\"widget\" data-e-type=\"widget\" data-widget_type=\"text-editor.default\">\n\t\t\t\t<div class=\"elementor-widget-container\">\n\t\t\t\t\t\t\t\t\t<p>Toutes les informations \u00e0 voir et \u00e0 t\u00e9l\u00e9charger<\/p>\t\t\t\t\t\t\t\t<\/div>\n\t\t\t\t<\/div>\n\t\t\t\t<div class=\"elementor-element elementor-element-961ec72 elementor-widget elementor-widget-spacer\" data-id=\"961ec72\" data-element_type=\"widget\" data-e-type=\"widget\" data-widget_type=\"spacer.default\">\n\t\t\t\t<div class=\"elementor-widget-container\">\n\t\t\t\t\t\t\t<div class=\"elementor-spacer\">\n\t\t\t<div class=\"elementor-spacer-inner\"><\/div>\n\t\t<\/div>\n\t\t\t\t\t\t<\/div>\n\t\t\t\t<\/div>\n\t\t\t\t\t<\/div>\n\t\t<\/div>\n\t\t\t\t\t<\/div>\n\t\t<\/section>\n\t\t\t\t<section class=\"elementor-section elementor-top-section elementor-element elementor-element-b5495e8 elementor-section-boxed elementor-section-height-default elementor-section-height-default\" data-id=\"b5495e8\" data-element_type=\"section\" data-e-type=\"section\">\n\t\t\t\t\t\t<div class=\"elementor-container elementor-column-gap-default\">\n\t\t\t\t\t<div class=\"elementor-column elementor-col-100 elementor-top-column elementor-element elementor-element-456bba0\" data-id=\"456bba0\" data-element_type=\"column\" data-e-type=\"column\">\n\t\t\t<div class=\"elementor-widget-wrap elementor-element-populated\">\n\t\t\t\t\t\t<div class=\"elementor-element elementor-element-350fb3c elementor-widget elementor-widget-spacer\" data-id=\"350fb3c\" data-element_type=\"widget\" data-e-type=\"widget\" data-widget_type=\"spacer.default\">\n\t\t\t\t<div class=\"elementor-widget-container\">\n\t\t\t\t\t\t\t<div class=\"elementor-spacer\">\n\t\t\t<div class=\"elementor-spacer-inner\"><\/div>\n\t\t<\/div>\n\t\t\t\t\t\t<\/div>\n\t\t\t\t<\/div>\n\t\t\t\t\t<\/div>\n\t\t<\/div>\n\t\t\t\t\t<\/div>\n\t\t<\/section>\n\t\t\t\t<section class=\"elementor-section elementor-top-section elementor-element elementor-element-3759c75 elementor-section-boxed elementor-section-height-default elementor-section-height-default\" data-id=\"3759c75\" data-element_type=\"section\" data-e-type=\"section\">\n\t\t\t\t\t\t<div class=\"elementor-container elementor-column-gap-default\">\n\t\t\t\t\t<div class=\"elementor-column elementor-col-100 elementor-top-column elementor-element elementor-element-fb52ad6\" data-id=\"fb52ad6\" data-element_type=\"column\" data-e-type=\"column\" data-settings=\"{&quot;background_background&quot;:&quot;classic&quot;}\">\n\t\t\t<div class=\"elementor-widget-wrap elementor-element-populated\">\n\t\t\t\t\t\t<div class=\"elementor-element elementor-element-8865eb6 elementor-widget elementor-widget-heading\" data-id=\"8865eb6\" data-element_type=\"widget\" data-e-type=\"widget\" data-widget_type=\"heading.default\">\n\t\t\t\t<div class=\"elementor-widget-container\">\n\t\t\t\t\t<h2 class=\"elementor-heading-title elementor-size-default\">Calendrier 05.05.2026<\/h2>\t\t\t\t<\/div>\n\t\t\t\t<\/div>\n\t\t\t\t<div class=\"elementor-element elementor-element-197258d elementor-widget elementor-widget-text-editor\" data-id=\"197258d\" data-element_type=\"widget\" data-e-type=\"widget\" data-widget_type=\"text-editor.default\">\n\t\t\t\t<div class=\"elementor-widget-container\">\n\t\t\t\t\t\t\t\t\t<p>Voici toutes les informations et les d\u00e9tails \u00e0 t\u00e9l\u00e9charger :\u00a0<\/p><p><a href=\"https:\/\/derbusiness.com\/wp-content\/uploads\/2024\/08\/240819_DER-Business-Travel_PM_Club.pdf\"><img decoding=\"async\" class=\"wp-image-16975 alignleft\" src=\"https:\/\/derbusiness.com\/wp-content\/uploads\/2024\/09\/datei-300x300.png\" alt=\"\" width=\"24\" height=\"24\" srcset=\"https:\/\/derbusiness.com\/wp-content\/uploads\/2024\/09\/datei-300x300.png 300w, https:\/\/derbusiness.com\/wp-content\/uploads\/2024\/09\/datei-150x150.png 150w, https:\/\/derbusiness.com\/wp-content\/uploads\/2024\/09\/datei.png 512w\" sizes=\"(max-width: 24px) 100vw, 24px\" \/><\/a><a href=\"https:\/\/derbusiness.com\/wp-content\/uploads\/2026\/04\/Zeitplan.pdf\">Calendrier 05.05.2026<\/a><\/p>\t\t\t\t\t\t\t\t<\/div>\n\t\t\t\t<\/div>\n\t\t\t\t\t<\/div>\n\t\t<\/div>\n\t\t\t\t\t<\/div>\n\t\t<\/section>\n\t\t<div class=\"elementor-element elementor-element-c6ca0cc e-flex e-con-boxed e-con e-parent\" data-id=\"c6ca0cc\" data-element_type=\"container\" data-e-type=\"container\">\n\t\t\t\t\t<div class=\"e-con-inner\">\n\t\t\t\t<div class=\"elementor-element elementor-element-b6eeb3d elementor-widget elementor-widget-spacer\" data-id=\"b6eeb3d\" data-element_type=\"widget\" data-e-type=\"widget\" data-widget_type=\"spacer.default\">\n\t\t\t\t<div class=\"elementor-widget-container\">\n\t\t\t\t\t\t\t<div class=\"elementor-spacer\">\n\t\t\t<div class=\"elementor-spacer-inner\"><\/div>\n\t\t<\/div>\n\t\t\t\t\t\t<\/div>\n\t\t\t\t<\/div>\n\t\t\t\t\t<\/div>\n\t\t\t\t<\/div>\n\t\t\t\t<section class=\"elementor-section elementor-top-section elementor-element elementor-element-16c78e7 elementor-section-boxed elementor-section-height-default elementor-section-height-default\" data-id=\"16c78e7\" data-element_type=\"section\" data-e-type=\"section\">\n\t\t\t\t\t\t<div class=\"elementor-container elementor-column-gap-default\">\n\t\t\t\t\t<div class=\"elementor-column elementor-col-100 elementor-top-column elementor-element elementor-element-2ae9d45\" data-id=\"2ae9d45\" data-element_type=\"column\" data-e-type=\"column\" data-settings=\"{&quot;background_background&quot;:&quot;classic&quot;}\">\n\t\t\t<div class=\"elementor-widget-wrap elementor-element-populated\">\n\t\t\t\t\t\t<div class=\"elementor-element elementor-element-8cf2354 elementor-widget elementor-widget-heading\" data-id=\"8cf2354\" data-element_type=\"widget\" data-e-type=\"widget\" data-widget_type=\"heading.default\">\n\t\t\t\t<div class=\"elementor-widget-container\">\n\t\t\t\t\t<h2 class=\"elementor-heading-title elementor-size-default\">Calendrier RPFs 2027<\/h2>\t\t\t\t<\/div>\n\t\t\t\t<\/div>\n\t\t\t\t<div class=\"elementor-element elementor-element-4f89b68 elementor-widget elementor-widget-text-editor\" data-id=\"4f89b68\" data-element_type=\"widget\" data-e-type=\"widget\" data-widget_type=\"text-editor.default\">\n\t\t\t\t<div class=\"elementor-widget-container\">\n\t\t\t\t\t\t\t\t\t<p>Voici toutes les informations et les d\u00e9tails \u00e0 t\u00e9l\u00e9charger :\u00a0<\/p><p><a href=\"https:\/\/derbusiness.com\/wp-content\/uploads\/2024\/08\/240819_DER-Business-Travel_PM_Club.pdf\"><img decoding=\"async\" class=\"wp-image-16975 alignleft\" src=\"https:\/\/derbusiness.com\/wp-content\/uploads\/2024\/09\/datei-300x300.png\" alt=\"\" width=\"24\" height=\"24\" srcset=\"https:\/\/derbusiness.com\/wp-content\/uploads\/2024\/09\/datei-300x300.png 300w, https:\/\/derbusiness.com\/wp-content\/uploads\/2024\/09\/datei-150x150.png 150w, https:\/\/derbusiness.com\/wp-content\/uploads\/2024\/09\/datei.png 512w\" sizes=\"(max-width: 24px) 100vw, 24px\" \/><\/a><a href=\"https:\/\/derbusiness.com\/wp-content\/uploads\/2026\/04\/Zeitplan-RFPs-2027.pdf\">Calendrier des AO 2027<\/a><\/p>\t\t\t\t\t\t\t\t<\/div>\n\t\t\t\t<\/div>\n\t\t\t\t\t<\/div>\n\t\t<\/div>\n\t\t\t\t\t<\/div>\n\t\t<\/section>\n\t\t<div class=\"elementor-element elementor-element-bcbcdf4 e-flex e-con-boxed e-con e-parent\" data-id=\"bcbcdf4\" data-element_type=\"container\" data-e-type=\"container\">\n\t\t\t\t\t<div class=\"e-con-inner\">\n\t\t\t\t<div class=\"elementor-element elementor-element-d8ea75e elementor-widget elementor-widget-spacer\" data-id=\"d8ea75e\" data-element_type=\"widget\" data-e-type=\"widget\" data-widget_type=\"spacer.default\">\n\t\t\t\t<div class=\"elementor-widget-container\">\n\t\t\t\t\t\t\t<div class=\"elementor-spacer\">\n\t\t\t<div class=\"elementor-spacer-inner\"><\/div>\n\t\t<\/div>\n\t\t\t\t\t\t<\/div>\n\t\t\t\t<\/div>\n\t\t\t\t\t<\/div>\n\t\t\t\t<\/div>\n\t\t\t\t<\/div>","protected":false},"excerpt":{"rendered":"<p>Kick Off DER BUSINESS Solutions Alle Informationen zum Ansehen und Downloaden Zeitplan 05.05.2026 Hier finden Sie alle Informationen und Details zum downloaden:\u00a0 Zeitplan 05.05.2026 Zeitplan RPFs 2027 Hier finden Sie alle Informationen und Details zum downloaden:\u00a0 Zeitplan RFPs 2027<\/p>","protected":false},"author":6,"featured_media":0,"parent":3241,"menu_order":0,"comment_status":"closed","ping_status":"closed","template":"elementor_header_footer","meta":{"footnotes":""},"categories":[],"class_list":["post-23014","page","type-page","status-publish","hentry"],"_links":{"self":[{"href":"https:\/\/derbusiness.com\/fr\/wp-json\/wp\/v2\/pages\/23014","targetHints":{"allow":["GET"]}}],"collection":[{"href":"https:\/\/derbusiness.com\/fr\/wp-json\/wp\/v2\/pages"}],"about":[{"href":"https:\/\/derbusiness.com\/fr\/wp-json\/wp\/v2\/types\/page"}],"author":[{"embeddable":true,"href":"https:\/\/derbusiness.com\/fr\/wp-json\/wp\/v2\/users\/6"}],"replies":[{"embeddable":true,"href":"https:\/\/derbusiness.com\/fr\/wp-json\/wp\/v2\/comments?post=23014"}],"version-history":[{"count":20,"href":"https:\/\/derbusiness.com\/fr\/wp-json\/wp\/v2\/pages\/23014\/revisions"}],"predecessor-version":[{"id":23203,"href":"https:\/\/derbusiness.com\/fr\/wp-json\/wp\/v2\/pages\/23014\/revisions\/23203"}],"up":[{"embeddable":true,"href":"https:\/\/derbusiness.com\/fr\/wp-json\/wp\/v2\/pages\/3241"}],"wp:attachment":[{"href":"https:\/\/derbusiness.com\/fr\/wp-json\/wp\/v2\/media?parent=23014"}],"wp:term":[{"taxonomy":"category","embeddable":true,"href":"https:\/\/derbusiness.com\/fr\/wp-json\/wp\/v2\/categories?post=23014"}],"curies":[{"name":"wp","href":"https:\/\/api.w.org\/{rel}","templated":true}]}}