{"id":19555,"date":"2025-05-19T05:58:10","date_gmt":"2025-05-19T05:58:10","guid":{"rendered":"https:\/\/derbusiness.com\/?page_id=19555"},"modified":"2026-03-02T12:52:36","modified_gmt":"2026-03-02T12:52:36","slug":"karriere","status":"publish","type":"page","link":"https:\/\/derbusiness.com\/fr\/karriere\/","title":{"rendered":"Carri\u00e8re chez DER BUSINESS"},"content":{"rendered":"\t\t<div data-elementor-type=\"wp-page\" data-elementor-id=\"19555\" class=\"elementor elementor-19555\" data-elementor-post-type=\"page\">\n\t\t\t\t<div class=\"elementor-element elementor-element-a447721 e-flex e-con-boxed e-con e-parent\" data-id=\"a447721\" data-element_type=\"container\" data-e-type=\"container\" data-settings=\"{&quot;background_background&quot;:&quot;classic&quot;}\">\n\t\t\t\t\t<div class=\"e-con-inner\">\n\t\t<div class=\"elementor-element elementor-element-f48abb8 e-con-full e-flex e-con e-child\" data-id=\"f48abb8\" data-element_type=\"container\" data-e-type=\"container\">\n\t\t\t\t<div class=\"elementor-element elementor-element-4fcaae3 elementor-widget elementor-widget-heading\" data-id=\"4fcaae3\" data-element_type=\"widget\" data-e-type=\"widget\" data-widget_type=\"heading.default\">\n\t\t\t\t<div class=\"elementor-widget-container\">\n\t\t\t\t\t<h2 class=\"elementor-heading-title elementor-size-default\">Karriere bei \nDER BUSINESS<\/h2>\t\t\t\t<\/div>\n\t\t\t\t<\/div>\n\t\t\t\t<div class=\"elementor-element elementor-element-4654cff elementor-widget elementor-widget-text-editor\" data-id=\"4654cff\" data-element_type=\"widget\" data-e-type=\"widget\" data-widget_type=\"text-editor.default\">\n\t\t\t\t<div class=\"elementor-widget-container\">\n\t\t\t\t\t\t\t\t\t<p>Gestalten Sie mit uns die Zukunft des Business Travel<\/p>\t\t\t\t\t\t\t\t<\/div>\n\t\t\t\t<\/div>\n\t\t\t\t<div class=\"elementor-element elementor-element-2e5b724 elementor-align-left elementor-widget elementor-widget-button\" data-id=\"2e5b724\" data-element_type=\"widget\" data-e-type=\"widget\" data-widget_type=\"button.default\">\n\t\t\t\t<div class=\"elementor-widget-container\">\n\t\t\t\t\t\t\t\t\t<div class=\"elementor-button-wrapper\">\n\t\t\t\t\t<a class=\"elementor-button elementor-button-link elementor-size-sm\" href=\"https:\/\/www.dertour-jobs.com\/jobs\/?jobOpening=Business+Travel\" rel=\"noopener\">\n\t\t\t\t\t\t<span class=\"elementor-button-content-wrapper\">\n\t\t\t\t\t\t\t\t\t<span class=\"elementor-button-text\">Jetzt Teil von DER BUSINESS werden<\/span>\n\t\t\t\t\t<\/span>\n\t\t\t\t\t<\/a>\n\t\t\t\t<\/div>\n\t\t\t\t\t\t\t\t<\/div>\n\t\t\t\t<\/div>\n\t\t\t\t<\/div>\n\t\t\t\t\t<\/div>\n\t\t\t\t<\/div>\n\t\t<div class=\"elementor-element elementor-element-d702d8e e-flex e-con-boxed e-con e-parent\" data-id=\"d702d8e\" data-element_type=\"container\" data-e-type=\"container\">\n\t\t\t\t\t<div class=\"e-con-inner\">\n\t\t\t\t<div class=\"elementor-element elementor-element-4e65cdd elementor-widget elementor-widget-spacer\" data-id=\"4e65cdd\" data-element_type=\"widget\" data-e-type=\"widget\" data-widget_type=\"spacer.default\">\n\t\t\t\t<div class=\"elementor-widget-container\">\n\t\t\t\t\t\t\t<div class=\"elementor-spacer\">\n\t\t\t<div class=\"elementor-spacer-inner\"><\/div>\n\t\t<\/div>\n\t\t\t\t\t\t<\/div>\n\t\t\t\t<\/div>\n\t\t\t\t\t<\/div>\n\t\t\t\t<\/div>\n\t\t<div class=\"elementor-element elementor-element-0b06b1e e-flex e-con-boxed e-con e-parent\" data-id=\"0b06b1e\" data-element_type=\"container\" data-e-type=\"container\">\n\t\t\t\t\t<div class=\"e-con-inner\">\n\t\t<div class=\"elementor-element elementor-element-2b92c6a e-con-full e-flex e-con e-child\" data-id=\"2b92c6a\" data-element_type=\"container\" data-e-type=\"container\" data-settings=\"{&quot;sticky&quot;:&quot;top&quot;,&quot;sticky_parent&quot;:&quot;yes&quot;,&quot;sticky_on&quot;:[&quot;desktop&quot;,&quot;tablet&quot;],&quot;sticky_offset&quot;:0,&quot;sticky_effects_offset&quot;:0,&quot;sticky_anchor_link_offset&quot;:0}\">\n\t\t\t\t<div class=\"elementor-element elementor-element-7f1f968 elementor-widget elementor-widget-heading\" data-id=\"7f1f968\" data-element_type=\"widget\" data-e-type=\"widget\" data-widget_type=\"heading.default\">\n\t\t\t\t<div class=\"elementor-widget-container\">\n\t\t\t\t\t<h2 class=\"elementor-heading-title elementor-size-default\">Sie m\u00f6chten die Welt der Gesch\u00e4ftsreisen mitgestalten?<\/h2>\t\t\t\t<\/div>\n\t\t\t\t<\/div>\n\t\t\t\t<div class=\"elementor-element elementor-element-8f875db elementor-widget elementor-widget-text-editor\" data-id=\"8f875db\" data-element_type=\"widget\" data-e-type=\"widget\" data-widget_type=\"text-editor.default\">\n\t\t\t\t<div class=\"elementor-widget-container\">\n\t\t\t\t\t\t\t\t\t<p>Dann sind Sie bei uns genau richtig!<br><span style=\"font-size: 1rem;\">Wir sind DER BUSINESS \u2013 der f\u00fchrende Anbieter im Bereich Gesch\u00e4ftsreisen, Corporate Travel Management und MICE.&nbsp;<\/span><\/p><p><span style=\"font-size: 1rem;\">Dabei untergliedern wir uns in zwei starke S\u00e4ulen: <br>DER BUSINESS Travel und DER BUSINESS Solutions.<\/span><\/p>\n<p><\/p>\t\t\t\t\t\t\t\t<\/div>\n\t\t\t\t<\/div>\n\t\t\t\t<\/div>\n\t\t<div class=\"elementor-element elementor-element-aed0451 e-con-full e-flex e-con e-child\" data-id=\"aed0451\" data-element_type=\"container\" data-e-type=\"container\">\n\t\t<div class=\"elementor-element elementor-element-695a560 e-con-full e-flex e-con e-child\" data-id=\"695a560\" data-element_type=\"container\" data-e-type=\"container\" data-settings=\"{&quot;background_background&quot;:&quot;classic&quot;,&quot;motion_fx_motion_fx_scrolling&quot;:&quot;yes&quot;,&quot;motion_fx_range&quot;:&quot;viewport&quot;,&quot;motion_fx_devices&quot;:[&quot;desktop&quot;,&quot;tablet&quot;,&quot;mobile&quot;]}\">\n\t\t\t\t<div class=\"elementor-element elementor-element-71636d4 elementor-icon-list--layout-traditional elementor-list-item-link-full_width elementor-widget elementor-widget-icon-list\" data-id=\"71636d4\" data-element_type=\"widget\" data-e-type=\"widget\" data-widget_type=\"icon-list.default\">\n\t\t\t\t<div class=\"elementor-widget-container\">\n\t\t\t\t\t\t\t<ul class=\"elementor-icon-list-items\">\n\t\t\t\t\t\t\t<li class=\"elementor-icon-list-item\">\n\t\t\t\t\t\t\t\t\t\t\t<span class=\"elementor-icon-list-icon\">\n\t\t\t\t\t\t\t<i aria-hidden=\"true\" class=\"fas fa-paper-plane\"><\/i>\t\t\t\t\t\t<\/span>\n\t\t\t\t\t\t\t\t\t\t<span class=\"elementor-icon-list-text\">DER BUSINESS Travel<\/span>\n\t\t\t\t\t\t\t\t\t<\/li>\n\t\t\t\t\t\t<\/ul>\n\t\t\t\t\t\t<\/div>\n\t\t\t\t<\/div>\n\t\t\t\t<div class=\"elementor-element elementor-element-ebd6beb elementor-widget elementor-widget-text-editor\" data-id=\"ebd6beb\" data-element_type=\"widget\" data-e-type=\"widget\" data-widget_type=\"text-editor.default\">\n\t\t\t\t<div class=\"elementor-widget-container\">\n\t\t\t\t\t\t\t\t\t<p>In unseren deutschlandweiten Gesch\u00e4ftsreiseb\u00fcros beraten und betreuen wir Unternehmen bei der Planung, Buchung und Abwicklung ihrer Gesch\u00e4ftsreisen. Dabei stehen Effizienz, Reisesicherheit und pers\u00f6nliche Betreuung im Vordergrund. Unsere Reiseexpertinnen und Reiseexperten arbeiten mit modernsten Buchungssystemen, ber\u00fccksichtigen Reiserichtlinien und bieten ma\u00dfgeschneiderte L\u00f6sungen f\u00fcr jede Unternehmensgr\u00f6\u00dfe \u2013 von klein- und mittelst\u00e4ndischen Unzternehmen bis zum Gro\u00dfkonzern.<\/p>\t\t\t\t\t\t\t\t<\/div>\n\t\t\t\t<\/div>\n\t\t\t\t<\/div>\n\t\t<div class=\"elementor-element elementor-element-5a6b5a9 e-con-full e-flex e-con e-child\" data-id=\"5a6b5a9\" data-element_type=\"container\" data-e-type=\"container\" data-settings=\"{&quot;background_background&quot;:&quot;classic&quot;}\">\n\t\t\t\t<div class=\"elementor-element elementor-element-2036b68 elementor-icon-list--layout-traditional elementor-list-item-link-full_width elementor-widget elementor-widget-icon-list\" data-id=\"2036b68\" data-element_type=\"widget\" data-e-type=\"widget\" data-widget_type=\"icon-list.default\">\n\t\t\t\t<div class=\"elementor-widget-container\">\n\t\t\t\t\t\t\t<ul class=\"elementor-icon-list-items\">\n\t\t\t\t\t\t\t<li class=\"elementor-icon-list-item\">\n\t\t\t\t\t\t\t\t\t\t\t<span class=\"elementor-icon-list-icon\">\n\t\t\t\t\t\t\t<i aria-hidden=\"true\" class=\"fas fa-hotel\"><\/i>\t\t\t\t\t\t<\/span>\n\t\t\t\t\t\t\t\t\t\t<span class=\"elementor-icon-list-text\">DER BUSINESS Solutions<\/span>\n\t\t\t\t\t\t\t\t\t<\/li>\n\t\t\t\t\t\t<\/ul>\n\t\t\t\t\t\t<\/div>\n\t\t\t\t<\/div>\n\t\t\t\t<div class=\"elementor-element elementor-element-7a01ecb elementor-widget elementor-widget-text-editor\" data-id=\"7a01ecb\" data-element_type=\"widget\" data-e-type=\"widget\" data-widget_type=\"text-editor.default\">\n\t\t\t\t<div class=\"elementor-widget-container\">\n\t\t\t\t\t\t\t\t\t<p>Hier dreht sich alles um Corporate Hotels, Veranstaltungen, Kongresse und MICE-L\u00f6sungen (Meetings, Incentives, Conventions, Events). Wir entwickeln Hotelstrategien f\u00fcr Unternehmen, verhandeln Raten, optimieren Hotelbuchungsprozesse und \u00fcbernehmen die professionelle Organisation von Gesch\u00e4ftsveranstaltungen \u2013 vom Kick-off bis zum internationalen Kongress.<\/p>\t\t\t\t\t\t\t\t<\/div>\n\t\t\t\t<\/div>\n\t\t\t\t<\/div>\n\t\t\t\t<\/div>\n\t\t\t\t\t<\/div>\n\t\t\t\t<\/div>\n\t\t<div class=\"elementor-element elementor-element-53ceb73 e-flex e-con-boxed e-con e-parent\" data-id=\"53ceb73\" data-element_type=\"container\" data-e-type=\"container\">\n\t\t\t\t\t<div class=\"e-con-inner\">\n\t\t\t\t<div class=\"elementor-element elementor-element-2a6d816 elementor-hidden-mobile elementor-widget elementor-widget-spacer\" data-id=\"2a6d816\" data-element_type=\"widget\" data-e-type=\"widget\" data-widget_type=\"spacer.default\">\n\t\t\t\t<div class=\"elementor-widget-container\">\n\t\t\t\t\t\t\t<div class=\"elementor-spacer\">\n\t\t\t<div class=\"elementor-spacer-inner\"><\/div>\n\t\t<\/div>\n\t\t\t\t\t\t<\/div>\n\t\t\t\t<\/div>\n\t\t\t\t\t<\/div>\n\t\t\t\t<\/div>\n\t\t<div class=\"elementor-element elementor-element-d0fd3c6 e-flex e-con-boxed e-con e-parent\" data-id=\"d0fd3c6\" data-element_type=\"container\" data-e-type=\"container\">\n\t\t\t\t\t<div class=\"e-con-inner\">\n\t\t<div class=\"elementor-element elementor-element-dd2431b e-con-full e-flex e-con e-child\" data-id=\"dd2431b\" data-element_type=\"container\" data-e-type=\"container\">\n\t\t\t\t<div class=\"elementor-element elementor-element-6abaaac elementor-widget elementor-widget-heading\" data-id=\"6abaaac\" data-element_type=\"widget\" data-e-type=\"widget\" data-widget_type=\"heading.default\">\n\t\t\t\t<div class=\"elementor-widget-container\">\n\t\t\t\t\t<h2 class=\"elementor-heading-title elementor-size-default\">Arbeiten bei DER BUSINESS<\/h2>\t\t\t\t<\/div>\n\t\t\t\t<\/div>\n\t\t\t\t<div class=\"elementor-element elementor-element-6d0ff7b elementor-widget elementor-widget-text-editor\" data-id=\"6d0ff7b\" data-element_type=\"widget\" data-e-type=\"widget\" data-widget_type=\"text-editor.default\">\n\t\t\t\t<div class=\"elementor-widget-container\">\n\t\t\t\t\t\t\t\t\t<p>Ob in der Beratung, im Projektmanagement oder in der Digitalisierung \u2013 bei uns erwartet Sie ein modernes, dynamisches Arbeitsumfeld, in dem Sie mitgestalten und wachsen k\u00f6nnen.<\/p>\n<p>Wir sind laufend auf der Suche nach engagierten Kolleginnen und Kollegen f\u00fcr unsere Teams \u2013 deutschlandweit und in verschiedenen Funktionen.<\/p>\n<p>Unsere aktuellen <strong data-start=\"2931\" data-end=\"2950\">Stellenangebote<\/strong> finden Sie auf unserer zentralen Karriereplattform. Dort k\u00f6nnen Sie sich direkt online bewerben.<\/p>\t\t\t\t\t\t\t\t<\/div>\n\t\t\t\t<\/div>\n\t\t\t\t<div class=\"elementor-element elementor-element-09da981 elementor-align-left elementor-widget elementor-widget-button\" data-id=\"09da981\" data-element_type=\"widget\" data-e-type=\"widget\" data-widget_type=\"button.default\">\n\t\t\t\t<div class=\"elementor-widget-container\">\n\t\t\t\t\t\t\t\t\t<div class=\"elementor-button-wrapper\">\n\t\t\t\t\t<a class=\"elementor-button elementor-button-link elementor-size-sm\" href=\"https:\/\/www.dertour-jobs.com\/jobs\/?jobOpening=Business+Travel\" rel=\"noopener\">\n\t\t\t\t\t\t<span class=\"elementor-button-content-wrapper\">\n\t\t\t\t\t\t\t\t\t<span class=\"elementor-button-text\">Zu den Stellenangeboten<\/span>\n\t\t\t\t\t<\/span>\n\t\t\t\t\t<\/a>\n\t\t\t\t<\/div>\n\t\t\t\t\t\t\t\t<\/div>\n\t\t\t\t<\/div>\n\t\t\t\t<\/div>\n\t\t<div class=\"elementor-element elementor-element-fad88f3 e-con-full e-flex e-con e-child\" data-id=\"fad88f3\" data-element_type=\"container\" data-e-type=\"container\">\n\t\t<div class=\"elementor-element elementor-element-8a3dccf e-con-full e-flex e-con e-child\" data-id=\"8a3dccf\" data-element_type=\"container\" data-e-type=\"container\" data-settings=\"{&quot;background_background&quot;:&quot;classic&quot;}\">\n\t\t\t\t<div class=\"elementor-element elementor-element-734be34 elementor-widget elementor-widget-spacer\" data-id=\"734be34\" data-element_type=\"widget\" data-e-type=\"widget\" data-widget_type=\"spacer.default\">\n\t\t\t\t<div class=\"elementor-widget-container\">\n\t\t\t\t\t\t\t<div class=\"elementor-spacer\">\n\t\t\t<div class=\"elementor-spacer-inner\"><\/div>\n\t\t<\/div>\n\t\t\t\t\t\t<\/div>\n\t\t\t\t<\/div>\n\t\t\t\t<\/div>\n\t\t<div class=\"elementor-element elementor-element-ad7496b e-con-full e-flex e-con e-child\" data-id=\"ad7496b\" data-element_type=\"container\" data-e-type=\"container\" data-settings=\"{&quot;background_background&quot;:&quot;classic&quot;}\">\n\t\t\t\t<div class=\"elementor-element elementor-element-e5aff4c elementor-widget elementor-widget-spacer\" data-id=\"e5aff4c\" data-element_type=\"widget\" data-e-type=\"widget\" data-widget_type=\"spacer.default\">\n\t\t\t\t<div class=\"elementor-widget-container\">\n\t\t\t\t\t\t\t<div class=\"elementor-spacer\">\n\t\t\t<div class=\"elementor-spacer-inner\"><\/div>\n\t\t<\/div>\n\t\t\t\t\t\t<\/div>\n\t\t\t\t<\/div>\n\t\t\t\t<div class=\"elementor-element elementor-element-08c29a4 elementor-widget elementor-widget-heading\" data-id=\"08c29a4\" data-element_type=\"widget\" data-e-type=\"widget\" data-widget_type=\"heading.default\">\n\t\t\t\t<div class=\"elementor-widget-container\">\n\t\t\t\t\t<h2 class=\"elementor-heading-title elementor-size-default\">Jetzt Teil werden!<\/h2>\t\t\t\t<\/div>\n\t\t\t\t<\/div>\n\t\t\t\t<\/div>\n\t\t\t\t<\/div>\n\t\t\t\t\t<\/div>\n\t\t\t\t<\/div>\n\t\t<div class=\"elementor-element elementor-element-e044b4c e-flex e-con-boxed e-con e-parent\" data-id=\"e044b4c\" data-element_type=\"container\" data-e-type=\"container\">\n\t\t\t\t\t<div class=\"e-con-inner\">\n\t\t\t\t<div class=\"elementor-element elementor-element-7c544ae elementor-widget elementor-widget-spacer\" data-id=\"7c544ae\" data-element_type=\"widget\" data-e-type=\"widget\" data-widget_type=\"spacer.default\">\n\t\t\t\t<div class=\"elementor-widget-container\">\n\t\t\t\t\t\t\t<div class=\"elementor-spacer\">\n\t\t\t<div class=\"elementor-spacer-inner\"><\/div>\n\t\t<\/div>\n\t\t\t\t\t\t<\/div>\n\t\t\t\t<\/div>\n\t\t\t\t\t<\/div>\n\t\t\t\t<\/div>\n\t\t\t\t<\/div>\n\t\t","protected":false},"excerpt":{"rendered":"<p>Construisez avec nous l'avenir du business travel ! Chez DER BUSINESS, leader dans le domaine des voyages d'affaires et du Corporate Travel Management, nous proposons des solutions sur mesure pour les entreprises de toutes tailles. Nos experts vous conseillent dans des agences de voyages d'affaires r\u00e9parties dans toute l'Allemagne et veillent \u00e0 l'efficacit\u00e9, \u00e0 la s\u00e9curit\u00e9 des voyages et \u00e0 un suivi personnalis\u00e9. D\u00e9couvrez nos services innovants, de la planification \u00e0 l'organisation professionnelle d'\u00e9v\u00e9nements et de congr\u00e8s. Rejoignez une \u00e9quipe dynamique et participez activement \u00e0 la cr\u00e9ation du monde des voyages d'affaires. Visitez notre plateforme de carri\u00e8re et trouvez votre prochain d\u00e9fi !<\/p>","protected":false},"author":6,"featured_media":19557,"parent":0,"menu_order":20,"comment_status":"closed","ping_status":"open","template":"elementor_header_footer","meta":{"footnotes":""},"categories":[],"class_list":["post-19555","page","type-page","status-publish","has-post-thumbnail","hentry"],"_links":{"self":[{"href":"https:\/\/derbusiness.com\/fr\/wp-json\/wp\/v2\/pages\/19555","targetHints":{"allow":["GET"]}}],"collection":[{"href":"https:\/\/derbusiness.com\/fr\/wp-json\/wp\/v2\/pages"}],"about":[{"href":"https:\/\/derbusiness.com\/fr\/wp-json\/wp\/v2\/types\/page"}],"author":[{"embeddable":true,"href":"https:\/\/derbusiness.com\/fr\/wp-json\/wp\/v2\/users\/6"}],"replies":[{"embeddable":true,"href":"https:\/\/derbusiness.com\/fr\/wp-json\/wp\/v2\/comments?post=19555"}],"version-history":[{"count":20,"href":"https:\/\/derbusiness.com\/fr\/wp-json\/wp\/v2\/pages\/19555\/revisions"}],"predecessor-version":[{"id":22929,"href":"https:\/\/derbusiness.com\/fr\/wp-json\/wp\/v2\/pages\/19555\/revisions\/22929"}],"wp:featuredmedia":[{"embeddable":true,"href":"https:\/\/derbusiness.com\/fr\/wp-json\/wp\/v2\/media\/19557"}],"wp:attachment":[{"href":"https:\/\/derbusiness.com\/fr\/wp-json\/wp\/v2\/media?parent=19555"}],"wp:term":[{"taxonomy":"category","embeddable":true,"href":"https:\/\/derbusiness.com\/fr\/wp-json\/wp\/v2\/categories?post=19555"}],"curies":[{"name":"wp","href":"https:\/\/api.w.org\/{rel}","templated":true}]}}