{"id":10339,"date":"2024-04-03T07:12:20","date_gmt":"2024-04-03T07:12:20","guid":{"rendered":"https:\/\/derbusiness.com\/?page_id=10339"},"modified":"2025-06-18T09:18:41","modified_gmt":"2025-06-18T09:18:41","slug":"ueber-uns","status":"publish","type":"page","link":"https:\/\/derbusiness.com\/en\/travel\/ueber-uns\/","title":{"rendered":"About us"},"content":{"rendered":"\t\t<div data-elementor-type=\"wp-page\" data-elementor-id=\"10339\" class=\"elementor elementor-10339\" data-elementor-post-type=\"page\">\n\t\t\t\t<div class=\"elementor-element elementor-element-01eff9d e-con-full e-flex e-con e-parent\" data-id=\"01eff9d\" data-element_type=\"container\" data-e-type=\"container\">\n\t\t\t\t<div class=\"elementor-element elementor-element-7e87b2f elementor-widget elementor-widget-Wer_wir_sind_hero\" data-id=\"7e87b2f\" data-element_type=\"widget\" data-e-type=\"widget\" data-widget_type=\"Wer_wir_sind_hero.default\">\n\t\t\t\t<div class=\"elementor-widget-container\">\n\t\t\t\t\t<div class=\"relative !min-h-[500px] bg-cover bg-center rounded-br-[3.5rem] md:rounded-br-[7.5rem] overflow-hidden\">\n    <picture class=\"absolute inset-0 h-full w-full\">\n                <img decoding=\"async\" src=\"https:\/\/derbusiness.com\/wp-content\/mu-plugins\/der-business-plugin\/public\/images\/ueber-uns-hero.jpg\" alt=\"\" class=\"!h-full !w-full object-cover object-right\">\n    <\/picture>\n\n    <div class=\"absolute inset-0 flex h-full flex-col justify-center bg-black bg-opacity-50 p-5 text-white\">\n        <div class=\"mx-auto w-full max-w-[1140px]\">\n                            <h1 class=\"whitespace-no-wrap mb-2 mt-2.5 w-fit !leading-none rounded-md bg-white font-serif !text-2xl font-bold text-[var(--e-global-color-primary)] md:!text-[40px] py-[7px] md:py-[14px]\">\n                                            <span class=\"decoration-clone px-4 \">\u00dcber uns<\/span>\n                                    <\/h1>\n                                        <div class=\"mt-5 w-fit rounded-md bg-white font-bold text-gray-500 md:text-2xl leading-4 pb-[6px] pt-[5.5px]\">\n                                            <span class=\"decoration-clone px-4  font-sans_bold font-bold\">Die Gesch\u00e4ftsreise-Experten an Ihrer Seite<\/span>\n                                    <\/div>\n                    <\/div>\n    <\/div>\n<\/div>\t\t\t\t<\/div>\n\t\t\t\t<\/div>\n\t\t\t\t<\/div>\n\t\t<div class=\"elementor-element elementor-element-bd3566d e-flex e-con-boxed e-con e-parent\" data-id=\"bd3566d\" data-element_type=\"container\" data-e-type=\"container\">\n\t\t\t\t\t<div class=\"e-con-inner\">\n\t\t\t\t<div class=\"elementor-element elementor-element-db47320 elementor-widget elementor-widget-Wer_wir_sind\" data-id=\"db47320\" data-element_type=\"widget\" data-e-type=\"widget\" data-widget_type=\"Wer_wir_sind.default\">\n\t\t\t\t<div class=\"elementor-widget-container\">\n\t\t\t\t\t<div class=\"grid gric-cols-1 md:grid-cols-2 font-sans mt-[50px]\">\n    <div class=\" min-h-96\" style=\"background-image: url('https:\/\/derbusiness.com\/wp-content\/uploads\/2023\/04\/GettyImages-1362589158_Easy-Resize.com_.jpg'); background-size: cover; background-position: center;\">\n    <\/div>\n    <div class=\" bg-white px-6 py-14 rounded-br-[3.5rem]\">\n        <div class=\"text-3xl font-bold\">Wer wir sind<\/div>\n        <div class=\"text-[var(--e-global-color-text)] mt-4\">Wir als DER BUSINESS Travel unterst\u00fctzen Unternehmen jeder Gr\u00f6\u00dfe bei der Planung, Organisation und Durchf\u00fchrung von Gesch\u00e4ftsreisen und bieten innovative und ganzheitliche Service-Leistungen im Firmenkunden-Segment. Dabei begleiten wir unsere Kunden vor, w\u00e4hrend und nach ihrer Gesch\u00e4ftsreise mit hochwertiger und unabh\u00e4ngiger pers\u00f6nlicher Beratung und digitalen Services.\n        Zum Angebot geh\u00f6ren auch MICE- und Hotel-Services, die Unternehmen dabei unterst\u00fctzen, Veranstaltungen jeder Gr\u00f6\u00dfenordnung zu planen und effizientere Einkaufsprozesse aufzusetzen.<\/div>\n    <\/div>\n<\/div>\t\t\t\t<\/div>\n\t\t\t\t<\/div>\n\t\t\t\t\t<\/div>\n\t\t\t\t<\/div>\n\t\t\t\t<section class=\"elementor-section elementor-top-section elementor-element elementor-element-af2db50 elementor-section-boxed elementor-section-height-default elementor-section-height-default\" data-id=\"af2db50\" data-element_type=\"section\" data-e-type=\"section\">\n\t\t\t\t\t\t<div class=\"elementor-container elementor-column-gap-default\">\n\t\t\t\t\t<div class=\"elementor-column elementor-col-100 elementor-top-column elementor-element elementor-element-1f1518e\" data-id=\"1f1518e\" data-element_type=\"column\" data-e-type=\"column\">\n\t\t\t<div class=\"elementor-widget-wrap elementor-element-populated\">\n\t\t\t\t\t\t<div class=\"elementor-element elementor-element-ec04b8b elementor-widget elementor-widget-spacer\" data-id=\"ec04b8b\" data-element_type=\"widget\" data-e-type=\"widget\" data-widget_type=\"spacer.default\">\n\t\t\t\t<div class=\"elementor-widget-container\">\n\t\t\t\t\t\t\t<div class=\"elementor-spacer\">\n\t\t\t<div class=\"elementor-spacer-inner\"><\/div>\n\t\t<\/div>\n\t\t\t\t\t\t<\/div>\n\t\t\t\t<\/div>\n\t\t\t\t\t<\/div>\n\t\t<\/div>\n\t\t\t\t\t<\/div>\n\t\t<\/section>\n\t\t\t\t<section class=\"elementor-section elementor-top-section elementor-element elementor-element-7324c8b elementor-section-content-middle elementor-section-boxed elementor-section-height-default elementor-section-height-default\" data-id=\"7324c8b\" data-element_type=\"section\" data-e-type=\"section\">\n\t\t\t\t\t\t<div class=\"elementor-container elementor-column-gap-default\">\n\t\t\t\t\t<div class=\"elementor-column elementor-col-100 elementor-top-column elementor-element elementor-element-46538b6\" data-id=\"46538b6\" data-element_type=\"column\" data-e-type=\"column\" data-settings=\"{&quot;background_background&quot;:&quot;classic&quot;}\">\n\t\t\t<div class=\"elementor-widget-wrap elementor-element-populated\">\n\t\t\t\t\t\t<div class=\"elementor-element elementor-element-c77963e elementor-widget elementor-widget-spacer\" data-id=\"c77963e\" data-element_type=\"widget\" data-e-type=\"widget\" data-widget_type=\"spacer.default\">\n\t\t\t\t<div class=\"elementor-widget-container\">\n\t\t\t\t\t\t\t<div class=\"elementor-spacer\">\n\t\t\t<div class=\"elementor-spacer-inner\"><\/div>\n\t\t<\/div>\n\t\t\t\t\t\t<\/div>\n\t\t\t\t<\/div>\n\t\t\t\t\t<\/div>\n\t\t<\/div>\n\t\t\t\t\t<\/div>\n\t\t<\/section>\n\t\t<div class=\"elementor-element elementor-element-e3183f5 e-flex e-con-boxed e-con e-parent\" data-id=\"e3183f5\" data-element_type=\"container\" data-e-type=\"container\">\n\t\t\t\t\t<div class=\"e-con-inner\">\n\t\t\t\t<div class=\"elementor-element elementor-element-01504da elementor-widget elementor-widget-template\" data-id=\"01504da\" data-element_type=\"widget\" data-e-type=\"widget\" data-widget_type=\"template.default\">\n\t\t\t\t<div class=\"elementor-widget-container\">\n\t\t\t\t\t\t\t<div class=\"elementor-template\">\n\t\t\t\t\t<div data-elementor-type=\"section\" data-elementor-id=\"20482\" class=\"elementor elementor-20482\" data-elementor-post-type=\"elementor_library\">\n\t\t\t\t\t<section class=\"elementor-section elementor-top-section elementor-element elementor-element-62126add elementor-section-boxed elementor-section-height-default elementor-section-height-default\" data-id=\"62126add\" data-element_type=\"section\" data-e-type=\"section\">\n\t\t\t\t\t\t<div class=\"elementor-container elementor-column-gap-default\">\n\t\t\t\t\t<div class=\"elementor-column elementor-col-100 elementor-top-column elementor-element elementor-element-6ea24913\" data-id=\"6ea24913\" data-element_type=\"column\" data-e-type=\"column\" data-settings=\"{&quot;background_background&quot;:&quot;classic&quot;}\">\n\t\t\t<div class=\"elementor-widget-wrap elementor-element-populated\">\n\t\t\t\t\t\t<div class=\"elementor-element elementor-element-2f60fa70 elementor-widget elementor-widget-heading\" data-id=\"2f60fa70\" data-element_type=\"widget\" data-e-type=\"widget\" data-widget_type=\"heading.default\">\n\t\t\t\t<div class=\"elementor-widget-container\">\n\t\t\t\t\t<h2 class=\"elementor-heading-title elementor-size-default\">Unsere Vorteile auf einen Blick:<\/h2>\t\t\t\t<\/div>\n\t\t\t\t<\/div>\n\t\t\t\t<div class=\"elementor-element elementor-element-5f58744c elementor-icon-list--layout-traditional elementor-list-item-link-full_width elementor-widget elementor-widget-icon-list\" data-id=\"5f58744c\" data-element_type=\"widget\" data-e-type=\"widget\" data-widget_type=\"icon-list.default\">\n\t\t\t\t<div class=\"elementor-widget-container\">\n\t\t\t\t\t\t\t<ul class=\"elementor-icon-list-items\">\n\t\t\t\t\t\t\t<li class=\"elementor-icon-list-item\">\n\t\t\t\t\t\t\t\t\t\t\t<span class=\"elementor-icon-list-icon\">\n\t\t\t\t\t\t\t<i aria-hidden=\"true\" class=\"fas fa-check-circle\"><\/i>\t\t\t\t\t\t<\/span>\n\t\t\t\t\t\t\t\t\t\t<span class=\"elementor-icon-list-text\"><b>Pers\u00f6nlicher Ansprechpartner &amp; digitales Know-How verbunden:<\/b><br>Direkter Kontakt und individueller Service geht Hand in Hand mit unserer Strategie der Digitalisierung<\/span>\n\t\t\t\t\t\t\t\t\t<\/li>\n\t\t\t\t\t\t\t\t<li class=\"elementor-icon-list-item\">\n\t\t\t\t\t\t\t\t\t\t\t<span class=\"elementor-icon-list-icon\">\n\t\t\t\t\t\t\t<i aria-hidden=\"true\" class=\"fas fa-check-circle\"><\/i>\t\t\t\t\t\t<\/span>\n\t\t\t\t\t\t\t\t\t\t<span class=\"elementor-icon-list-text\"><b>24\/7 Service:<\/b><br>Service rund um die Uhr f\u00fcr kurzfristige \u00c4nderungen<\/span>\n\t\t\t\t\t\t\t\t\t<\/li>\n\t\t\t\t\t\t\t\t<li class=\"elementor-icon-list-item\">\n\t\t\t\t\t\t\t\t\t\t\t<span class=\"elementor-icon-list-icon\">\n\t\t\t\t\t\t\t<i aria-hidden=\"true\" class=\"fas fa-check-circle\"><\/i>\t\t\t\t\t\t<\/span>\n\t\t\t\t\t\t\t\t\t\t<span class=\"elementor-icon-list-text\"><b>Preistransparenz:<\/b><br> Zuverl\u00e4ssige Preistransparenz bei jeder Flugbuchung. F\u00fcr den besten Flug zum bestm\u00f6glichen Preis.<\/span>\n\t\t\t\t\t\t\t\t\t<\/li>\n\t\t\t\t\t\t\t\t<li class=\"elementor-icon-list-item\">\n\t\t\t\t\t\t\t\t\t\t\t<span class=\"elementor-icon-list-icon\">\n\t\t\t\t\t\t\t<i aria-hidden=\"true\" class=\"fas fa-check-circle\"><\/i>\t\t\t\t\t\t<\/span>\n\t\t\t\t\t\t\t\t\t\t<span class=\"elementor-icon-list-text\"><b>Optimale Reisekostenstruktur<\/b><br>Profitieren Sie von den Einkaufsvorteilen der REWE Group. Hierdurch k\u00f6nnen wir Ihnen hervorragende Preise und Konditionen anbieten.<\/span>\n\t\t\t\t\t\t\t\t\t<\/li>\n\t\t\t\t\t\t\t\t<li class=\"elementor-icon-list-item\">\n\t\t\t\t\t\t\t\t\t\t\t<span class=\"elementor-icon-list-icon\">\n\t\t\t\t\t\t\t<i aria-hidden=\"true\" class=\"fas fa-check-circle\"><\/i>\t\t\t\t\t\t<\/span>\n\t\t\t\t\t\t\t\t\t\t<span class=\"elementor-icon-list-text\"><b>Transparentes Reporting<\/b><br>Einfache und \u00fcbersichtliche Reisekostenanalyse mit CO2-Footprint<\/span>\n\t\t\t\t\t\t\t\t\t<\/li>\n\t\t\t\t\t\t<\/ul>\n\t\t\t\t\t\t<\/div>\n\t\t\t\t<\/div>\n\t\t\t\t\t<\/div>\n\t\t<\/div>\n\t\t\t\t\t<\/div>\n\t\t<\/section>\n\t\t\t\t<\/div>\n\t\t\t\t<\/div>\n\t\t\t\t\t\t<\/div>\n\t\t\t\t<\/div>\n\t\t\t\t\t<\/div>\n\t\t\t\t<\/div>\n\t\t\t\t<section class=\"elementor-section elementor-top-section elementor-element elementor-element-40ae689 elementor-section-boxed elementor-section-height-default elementor-section-height-default\" data-id=\"40ae689\" data-element_type=\"section\" data-e-type=\"section\">\n\t\t\t\t\t\t<div class=\"elementor-container elementor-column-gap-default\">\n\t\t\t\t\t<div class=\"elementor-column elementor-col-100 elementor-top-column elementor-element elementor-element-961686d\" data-id=\"961686d\" data-element_type=\"column\" data-e-type=\"column\">\n\t\t\t<div class=\"elementor-widget-wrap\">\n\t\t\t\t\t\t\t<\/div>\n\t\t<\/div>\n\t\t\t\t\t<\/div>\n\t\t<\/section>\n\t\t<div class=\"elementor-element elementor-element-fbf601f e-flex e-con-boxed e-con e-parent\" data-id=\"fbf601f\" data-element_type=\"container\" data-e-type=\"container\">\n\t\t\t\t\t<div class=\"e-con-inner\">\n\t\t\t\t\t<\/div>\n\t\t\t\t<\/div>\n\t\t<div class=\"elementor-element elementor-element-f2c3916 e-flex e-con-boxed e-con e-parent\" data-id=\"f2c3916\" data-element_type=\"container\" data-e-type=\"container\" data-settings=\"{&quot;background_background&quot;:&quot;classic&quot;}\">\n\t\t\t\t\t<div class=\"e-con-inner\">\n\t\t\t\t<div class=\"elementor-element elementor-element-c4082fc elementor-widget elementor-widget-heading\" data-id=\"c4082fc\" data-element_type=\"widget\" data-e-type=\"widget\" data-widget_type=\"heading.default\">\n\t\t\t\t<div class=\"elementor-widget-container\">\n\t\t\t\t\t<h2 class=\"elementor-heading-title elementor-size-default\">Kontakt<\/h2>\t\t\t\t<\/div>\n\t\t\t\t<\/div>\n\t\t\t\t<div class=\"elementor-element elementor-element-c75f75e elementor-widget elementor-widget-text-editor\" data-id=\"c75f75e\" data-element_type=\"widget\" data-e-type=\"widget\" data-widget_type=\"text-editor.default\">\n\t\t\t\t<div class=\"elementor-widget-container\">\n\t\t\t\t\t\t\t\t\t<p>Bei Fragen rund um Ihre Gesch\u00e4ftsreisen stehen wir Ihnen gerne zur Verf\u00fcgung.<\/p><p>Kontaktieren Sie uns f\u00fcr eine individuelle Beratung und profitieren Sie von unserer langj\u00e4hrigen Erfahrung und ma\u00dfgeschneiderten L\u00f6sungen.<\/p>\t\t\t\t\t\t\t\t<\/div>\n\t\t\t\t<\/div>\n\t\t\t\t<div class=\"elementor-element elementor-element-f8a375f elementor-align-right elementor-widget elementor-widget-button\" data-id=\"f8a375f\" data-element_type=\"widget\" data-e-type=\"widget\" data-widget_type=\"button.default\">\n\t\t\t\t<div class=\"elementor-widget-container\">\n\t\t\t\t\t\t\t\t\t<div class=\"elementor-button-wrapper\">\n\t\t\t\t\t<a class=\"elementor-button elementor-button-link elementor-size-sm\" href=\"https:\/\/derbusiness.com\/en\/wp-json\/kontakt\">\n\t\t\t\t\t\t<span class=\"elementor-button-content-wrapper\">\n\t\t\t\t\t\t\t\t\t<span class=\"elementor-button-text\">Jetzt kontaktieren<\/span>\n\t\t\t\t\t<\/span>\n\t\t\t\t\t<\/a>\n\t\t\t\t<\/div>\n\t\t\t\t\t\t\t\t<\/div>\n\t\t\t\t<\/div>\n\t\t\t\t\t<\/div>\n\t\t\t\t<\/div>\n\t\t\t\t<\/div>\n\t\t","protected":false},"excerpt":{"rendered":"<p>\u00dcber uns Die Gesch\u00e4ftsreise-Experten an Ihrer Seite Wer wir sind Wir als DER BUSINESS Travel unterst\u00fctzen Unternehmen jeder Gr\u00f6\u00dfe bei der Planung, Organisation und Durchf\u00fchrung von Gesch\u00e4ftsreisen und bieten innovative und ganzheitliche Service-Leistungen im Firmenkunden-Segment. Dabei begleiten wir unsere Kunden vor, w\u00e4hrend und nach ihrer Gesch\u00e4ftsreise mit hochwertiger und unabh\u00e4ngiger pers\u00f6nlicher Beratung und digitalen Services. [&hellip;]<\/p>\n","protected":false},"author":4,"featured_media":0,"parent":8,"menu_order":18,"comment_status":"closed","ping_status":"closed","template":"elementor_header_footer","meta":{"footnotes":""},"categories":[1],"class_list":["post-10339","page","type-page","status-publish","hentry","category-reisebueroseite"],"_links":{"self":[{"href":"https:\/\/derbusiness.com\/en\/wp-json\/wp\/v2\/pages\/10339","targetHints":{"allow":["GET"]}}],"collection":[{"href":"https:\/\/derbusiness.com\/en\/wp-json\/wp\/v2\/pages"}],"about":[{"href":"https:\/\/derbusiness.com\/en\/wp-json\/wp\/v2\/types\/page"}],"author":[{"embeddable":true,"href":"https:\/\/derbusiness.com\/en\/wp-json\/wp\/v2\/users\/4"}],"replies":[{"embeddable":true,"href":"https:\/\/derbusiness.com\/en\/wp-json\/wp\/v2\/comments?post=10339"}],"version-history":[{"count":9,"href":"https:\/\/derbusiness.com\/en\/wp-json\/wp\/v2\/pages\/10339\/revisions"}],"predecessor-version":[{"id":20684,"href":"https:\/\/derbusiness.com\/en\/wp-json\/wp\/v2\/pages\/10339\/revisions\/20684"}],"up":[{"embeddable":true,"href":"https:\/\/derbusiness.com\/en\/wp-json\/wp\/v2\/pages\/8"}],"wp:attachment":[{"href":"https:\/\/derbusiness.com\/en\/wp-json\/wp\/v2\/media?parent=10339"}],"wp:term":[{"taxonomy":"category","embeddable":true,"href":"https:\/\/derbusiness.com\/en\/wp-json\/wp\/v2\/categories?post=10339"}],"curies":[{"name":"wp","href":"https:\/\/api.w.org\/{rel}","templated":true}]}}